{"id":823,"date":"2021-06-01T13:45:12","date_gmt":"2021-06-01T10:45:12","guid":{"rendered":"https:\/\/navicom.fi\/?page_id=823"},"modified":"2026-03-17T10:01:33","modified_gmt":"2026-03-17T08:01:33","slug":"kulkutietojen-vienti-verottajalle","status":"publish","type":"page","link":"https:\/\/navicom.fi\/en\/kulkutietojen-vienti-verottajalle\/","title":{"rendered":"Export of travel information to the tax authority New"},"content":{"rendered":"\n<div id=\"wp-block-themeisle-blocks-advanced-columns-c74e309d\" class=\"wp-block-themeisle-blocks-advanced-columns alignfull has-2-columns has-desktop-twoOne-layout has-tablet-equal-layout has-mobile-collapsedRows-layout has-vertical-unset\"><div class=\"wp-block-themeisle-blocks-advanced-columns-overlay\"><\/div><div class=\"innerblocks-wrap\">\n<div id=\"wp-block-themeisle-blocks-advanced-column-2d041047\" class=\"wp-block-themeisle-blocks-advanced-column\">\n<h1 id=\"wp-block-themeisle-blocks-advanced-heading-519261cd\" class=\"wp-block-themeisle-blocks-advanced-heading wp-block-themeisle-blocks-advanced-heading-519261cd\">Kulkutietojen vienti suoraan verottajalle<\/h1>\n\n\n\n<p class=\"has-nv-text-dark-bg-color has-text-color\"><\/p>\n\n\n\n<div class=\"wp-block-columns is-layout-flex wp-container-core-columns-is-layout-9d6595d7 wp-block-columns-is-layout-flex\">\n<div class=\"wp-block-column is-layout-flow wp-block-column-is-layout-flow\">\n<div id=\"wp-block-themeisle-blocks-button-group-46557b8f\" class=\"wp-block-themeisle-blocks-button-group wp-block-buttons\">\n<div id=\"wp-block-themeisle-blocks-button-9f87675d\" class=\"wp-block-themeisle-blocks-button wp-block-button\"><a href=\"\/testaa-palveluitamme-veloituksetta\" target=\"_self\" rel=\"noopener noreferrer\" class=\"wp-block-button__link\"><span>Kokeile 30 p\u00e4iv\u00e4\u00e4 maksutta!<\/span><\/a><\/div>\n<\/div>\n<\/div>\n<\/div>\n<\/div>\n\n\n\n<div id=\"wp-block-themeisle-blocks-advanced-column-382ada3a\" class=\"wp-block-themeisle-blocks-advanced-column\">\n<figure class=\"wp-block-image size-medium is-style-rounded\"><img loading=\"lazy\" decoding=\"async\" width=\"300\" height=\"300\" src=\"https:\/\/navicom.fi\/wp-content\/uploads\/2022\/08\/Uusi-logo-nelio-1700px-300x300.png\" alt=\"\" class=\"wp-image-3315\" title=\"\" srcset=\"https:\/\/navicom.fi\/wp-content\/uploads\/2022\/08\/Uusi-logo-nelio-1700px-300x300.png 300w, https:\/\/navicom.fi\/wp-content\/uploads\/2022\/08\/Uusi-logo-nelio-1700px-1024x1024.png 1024w, https:\/\/navicom.fi\/wp-content\/uploads\/2022\/08\/Uusi-logo-nelio-1700px-150x150.png 150w, https:\/\/navicom.fi\/wp-content\/uploads\/2022\/08\/Uusi-logo-nelio-1700px-768x768.png 768w, https:\/\/navicom.fi\/wp-content\/uploads\/2022\/08\/Uusi-logo-nelio-1700px-1536x1536.png 1536w, https:\/\/navicom.fi\/wp-content\/uploads\/2022\/08\/Uusi-logo-nelio-1700px.png 1700w\" sizes=\"auto, (max-width: 300px) 100vw, 300px\" \/><\/figure>\n<\/div>\n<\/div><\/div>\n\n\n\n<div id=\"wp-block-themeisle-blocks-advanced-columns-4b985d62\" class=\"wp-block-themeisle-blocks-advanced-columns alignfull has-1-columns has-desktop-twoOne-layout has-tablet-equal-layout has-mobile-collapsedRows-layout has-vertical-unset\"><div class=\"wp-block-themeisle-blocks-advanced-columns-overlay\"><\/div><div class=\"innerblocks-wrap\">\n<div id=\"wp-block-themeisle-blocks-advanced-column-87e5b6f1\" class=\"wp-block-themeisle-blocks-advanced-column\">\n<div id=\"section-ga7fd7e\" class=\"wp-block-gutentor-e1 alignfull section-ga7fd7e gutentor-element gutentor-element-advanced-text\"><div class=\"gutentor-text-wrap\"><p class=\"gutentor-text\"><strong><a href=\"https:\/\/navicom.fi\/\">Navicom<\/a> &gt; <a href=\"https:\/\/navicom.fi\/palvelut\/\">Palvelut<\/a> &gt;<\/strong> <strong><a href=\"https:\/\/navicom.fi\/kulunvalvontatyomaalle\/\" data-type=\"page\" data-id=\"163\">Kulunvalvonta ty\u00f6maalle<\/a><\/strong> <strong>&gt;<\/strong> <strong><a href=\"https:\/\/navicom.fi\/kulkutietojen-vienti-verottajalle\/\" data-type=\"page\" data-id=\"823\">Kulkutietojen vienti verottajalle<\/a><\/strong><\/p><\/div><\/div>\n<\/div>\n<\/div><\/div>\n\n\n\n<div id=\"wp-block-themeisle-blocks-advanced-columns-67f6c101\" class=\"wp-block-themeisle-blocks-advanced-columns alignfull has-2-columns has-desktop-twoOne-layout has-tablet-equal-layout has-mobile-collapsedRows-layout has-vertical-unset\"><div class=\"wp-block-themeisle-blocks-advanced-columns-overlay\"><\/div><div class=\"innerblocks-wrap\">\n<div id=\"wp-block-themeisle-blocks-advanced-column-c28b4d14\" class=\"wp-block-themeisle-blocks-advanced-column\">\n<h4 id=\"wp-block-themeisle-blocks-advanced-heading-290cd744\" class=\"wp-block-themeisle-blocks-advanced-heading wp-block-themeisle-blocks-advanced-heading-290cd744\"><strong><strong><strong><strong>Helppo k\u00e4ytt\u00f6\u00f6notto<\/strong><\/strong><\/strong><\/strong><\/h4>\n\n\n\n<h2 id=\"wp-block-themeisle-blocks-advanced-heading-d9743ac3\" class=\"wp-block-themeisle-blocks-advanced-heading wp-block-themeisle-blocks-advanced-heading-d9743ac3\">Ty\u00f6maan kulkutietojen vienti verottajalle<\/h2>\n\n\n\n<p>Navisystem-j\u00e4rjestelm\u00e4n avulla ker\u00e4\u00e4t helposti ja automaattisesti reaaliaikaiset tiedot ty\u00f6mailla ty\u00f6skentelevist\u00e4 ty\u00f6ntekij\u00f6ist\u00e4.  Palvelua k\u00e4ytt\u00e4m\u00e4ll\u00e4 s\u00e4\u00e4st\u00e4t aikaa ja v\u00e4lt\u00e4t ongelmat verottajan kanssa. Kulkutietojen ilmoittaminen on ty\u00f6maan p\u00e4\u00e4toteuttajan vastuulla.<\/p>\n\n\n\n<h3 class=\"wp-block-heading\">Miten ty\u00f6maan kulunvalvonta ja automaattinen vienti toimivat k\u00e4yt\u00e4nn\u00f6ss\u00e4?<\/h3>\n\n\n\n<ol class=\"wp-block-list\">\n<li>Kun ty\u00f6ntekij\u00e4 kirjautuu sis\u00e4\u00e4n n\u00e4ytt\u00e4m\u00e4ll\u00e4 Valttikorttia kellokorttilaitteelle, h\u00e4nelle luodaan automaattisesti k\u00e4ytt\u00e4j\u00e4 Navisystemiin (ty\u00f6ntekij\u00e4n nimi, k\u00e4ytt\u00e4j\u00e4tunnus ja veronumero). Vaihtoehtoisesti kirjaus voidaan tehd\u00e4 henkil\u00f6kohtaisella kirjautumistunnisteella.<\/li>\n\n\n\n<li>Kaikki ty\u00f6ntekij\u00e4n leimaukset tallentuvat Navisystem-kulunvalvontaan<\/li>\n\n\n\n<li>Ty\u00f6ntekij\u00e4n kulkutiedot l\u00e4hetet\u00e4\u00e4n Navisystem-palvelusta verottajalle valitun palvelun kautta<\/li>\n<\/ol>\n\n\n\n<p><\/p>\n\n\n\n<p><a href=\"https:\/\/navicom.fi\/kulunvalvontatyomaalle\/\">Lue lis\u00e4\u00e4 kulunvalvontapalvelusta ja kellokorttilaitteesta yleisesti<\/a><\/p>\n\n\n\n<p><\/p>\n\n\n\n<div class=\"wp-block-columns is-layout-flex wp-container-core-columns-is-layout-9d6595d7 wp-block-columns-is-layout-flex\">\n<div class=\"wp-block-column is-layout-flow wp-block-column-is-layout-flow\" style=\"flex-basis:66.66%\">\n<h3 class=\"wp-block-heading\">Navisystem tarjoaa kaksi vaihtoehtoista tapaa ty\u00f6ntekij\u00e4tietojen v\u00e4litykseen<\/h3>\n\n\n\n<ul class=\"wp-block-list\">\n<li><strong>Ilmoitin.fi. <\/strong>Verottajan oma palvelu, jonka kautta on mahdollista l\u00e4hett\u00e4\u00e4 s\u00e4hk\u00f6isi\u00e4 ilmoituksia ja Verohallinnon tietoja.<\/li>\n\n\n\n<li><strong>Vastuu Groupin palvelut. <\/strong>Vastuu Groupin ty\u00f6maarekisteripalvelun Olemme Vastuu Groupin partneriyritys ja palvelumme yhteensopiva Vastuu Groupin ty\u00f6maarekisteripalvelun kanssa.<\/li>\n<\/ul>\n<\/div>\n\n\n\n<div class=\"wp-block-column is-layout-flow wp-block-column-is-layout-flow\" style=\"flex-basis:33.33%\">\n<figure class=\"wp-block-image size-full\"><img loading=\"lazy\" decoding=\"async\" width=\"328\" height=\"221\" src=\"https:\/\/navicom.fi\/wp-content\/uploads\/2021\/09\/verovastuu_group.png\" alt=\"Vero ja Vastuu Group logot\" class=\"wp-image-1568\" title=\"\" srcset=\"https:\/\/navicom.fi\/wp-content\/uploads\/2021\/09\/verovastuu_group.png 328w, https:\/\/navicom.fi\/wp-content\/uploads\/2021\/09\/verovastuu_group-300x202.png 300w\" sizes=\"auto, (max-width: 328px) 100vw, 328px\" \/><\/figure>\n<\/div>\n<\/div>\n\n\n\n<p><\/p>\n\n\n\n<h3 class=\"wp-block-heading\">Mit\u00e4 rakentamisen tiedonantovelvollisuus -laki m\u00e4\u00e4r\u00e4\u00e4 ty\u00f6ntekij\u00e4tiedoista?<\/h3>\n\n\n\n<p><strong>P\u00e4\u00e4toteuttajan<\/strong> tulee ilmoittaa ty\u00f6ntekij\u00e4tiedot, jos ty\u00f6maan urakoiden kokonaisarvo ylitt\u00e4\u00e4 15 000 euroa (ALV 0%) ja kyseess\u00e4 on niin sanottu yhteinen ty\u00f6maa. Yhteisest\u00e4 rakennusty\u00f6maasta on kyse silloin, kun ty\u00f6maalla ty\u00f6skentelee samanaikaisesti tai viivytyksett\u00e4 per\u00e4kk\u00e4in useampi kuin yksi yritys. Jos p\u00e4\u00e4toteuttajaa tai p\u00e4\u00e4urakoitsijaa ei ole nimetty, pit\u00e4\u00e4 rakennuttajan antaa ty\u00f6ntekij\u00e4ilmoitukset.<\/p>\n\n\n\n<p>Lue verottajan omilta sivuilta lis\u00e4\u00e4:<\/p>\n\n\n\n<ul class=\"wp-block-list\">\n<li><a href=\"https:\/\/www.vero.fi\/syventavat-vero-ohjeet\/ohje-hakusivu\/48413\/rakentamiseen-liittyv%C3%A4-tiedonantovelvollisuus\/\" target=\"_blank\" rel=\"noopener\">tiedonantovelvollisuudesta<\/a> <\/li>\n\n\n\n<li><a href=\"https:\/\/www.vero.fi\/yritykset-ja-yhteisot\/ilmoittaminen-ja-maksaminen\/rakentamisilmoitukset\/\" target=\"_blank\" rel=\"noopener\">rakentamisilmoituksista<\/a>.<\/li>\n<\/ul>\n\n\n\n<p><\/p>\n\n\n\n<p><\/p>\n<\/div>\n\n\n\n<div id=\"wp-block-themeisle-blocks-advanced-column-7e052e46\" class=\"wp-block-themeisle-blocks-advanced-column\">\n<h3 class=\"wp-block-heading\">Ota yhteytt\u00e4<\/h3>\n\n\n\n<div class=\"wp-block-contact-form-7-contact-form-selector\">[contact-form-7 id=&#8221;13&#8243; title=&#8221;Yhteydenotto&#8221;]<\/div>\n<\/div>\n<\/div><\/div>\n\n\n\n<div id=\"wp-block-themeisle-blocks-advanced-columns-e3a7e037\" class=\"wp-block-themeisle-blocks-advanced-columns alignfull has-2-columns has-desktop-equal-layout has-tablet-equal-layout has-mobile-collapsedRows-layout has-vertical-center has-default-gap has-light-bg\"><div class=\"wp-block-themeisle-blocks-advanced-columns-overlay\"><\/div><div class=\"innerblocks-wrap\">\n<div id=\"wp-block-themeisle-blocks-advanced-column-5feb9669\" class=\"wp-block-themeisle-blocks-advanced-column\">\n<h4 id=\"wp-block-themeisle-blocks-advanced-heading-e4cb0279\" class=\"wp-block-themeisle-blocks-advanced-heading wp-block-themeisle-blocks-advanced-heading-e4cb0279\"><strong><strong><strong>Hinta alkaen 59 \u20ac\/kk<\/strong><\/strong><\/strong><\/h4>\n\n\n\n<h2 id=\"wp-block-themeisle-blocks-advanced-heading-7a45dc01\" class=\"wp-block-themeisle-blocks-advanced-heading wp-block-themeisle-blocks-advanced-heading-7a45dc01\">Toimivuustakuu<\/h2>\n\n\n\n<p>K\u00e4ytt\u00e4m\u00e4mme kulunvalvontalaite on kotimaisen Inopticsin valmistama ja suunniteltu toimimaan luotettavasti my\u00f6s ty\u00f6maaolosuhteissa. Tarjoammekin t\u00e4yden toimivuustakuun ja l\u00e4het\u00e4mme aina uuden laitteen veloituksetta tilalle, jos laitteeseen sattuisi tulemaan toimintaongelmia.<\/p>\n\n\n\n<p>Ota yhteytt\u00e4, niin kerromme lis\u00e4\u00e4 laitteesta ja palvelustamme!<\/p>\n\n\n\n<div style=\"height:20px\" aria-hidden=\"true\" class=\"wp-block-spacer\"><\/div>\n\n\n\n<div id=\"wp-block-themeisle-blocks-button-group-c3692681\" class=\"wp-block-themeisle-blocks-button-group wp-block-buttons align-center\">\n<div id=\"wp-block-themeisle-blocks-button-3cd13cd1\" class=\"wp-block-themeisle-blocks-button wp-block-button\"><a href=\"\/otayhteytta\" target=\"_self\" rel=\"noopener noreferrer\" class=\"wp-block-button__link\"><span>Ota yhteytt\u00e4<\/span><\/a><\/div>\n<\/div>\n<\/div>\n\n\n\n<div id=\"wp-block-themeisle-blocks-advanced-column-21075310\" class=\"wp-block-themeisle-blocks-advanced-column ticss-8e4b0f18\">\n<figure class=\"wp-block-image size-full is-style-default\"><img loading=\"lazy\" decoding=\"async\" width=\"806\" height=\"890\" src=\"https:\/\/navicom.fi\/wp-content\/uploads\/2022\/03\/Kulunvalvonta-laatikko.jpg\" alt=\"Kulunvalvonta laatikko\" class=\"wp-image-2866\" title=\"\" srcset=\"https:\/\/navicom.fi\/wp-content\/uploads\/2022\/03\/Kulunvalvonta-laatikko.jpg 806w, https:\/\/navicom.fi\/wp-content\/uploads\/2022\/03\/Kulunvalvonta-laatikko-272x300.jpg 272w, https:\/\/navicom.fi\/wp-content\/uploads\/2022\/03\/Kulunvalvonta-laatikko-768x848.jpg 768w\" sizes=\"auto, (max-width: 806px) 100vw, 806px\" \/><\/figure>\n<\/div>\n<\/div><\/div>\n\n\n\n<div id=\"wp-block-themeisle-blocks-advanced-columns-0851e33d\" class=\"wp-block-themeisle-blocks-advanced-columns alignfull has-1-columns has-desktop-equal-layout has-tablet-equal-layout has-mobile-equal-layout has-vertical-unset\"><div class=\"wp-block-themeisle-blocks-advanced-columns-overlay\"><\/div><div class=\"innerblocks-wrap\">\n<div id=\"wp-block-themeisle-blocks-advanced-column-56e0874a\" class=\"wp-block-themeisle-blocks-advanced-column\">\n<h2 id=\"wp-block-themeisle-blocks-advanced-heading-6814731e\" class=\"wp-block-themeisle-blocks-advanced-heading wp-block-themeisle-blocks-advanced-heading-6814731e\">Katso my\u00f6s<\/h2>\n<\/div>\n<\/div><\/div>\n\n\n\n<div id=\"wp-block-themeisle-blocks-advanced-columns-35abd484\" class=\"wp-block-themeisle-blocks-advanced-columns alignfull has-3-columns has-desktop-equal-layout has-tablet-equal-layout has-mobile-collapsedRows-layout has-vertical-unset\"><div class=\"wp-block-themeisle-blocks-advanced-columns-overlay\"><\/div><div class=\"innerblocks-wrap\">\n<div id=\"wp-block-themeisle-blocks-advanced-column-a56ed5d4\" class=\"wp-block-themeisle-blocks-advanced-column\">\n<figure class=\"wp-block-image size-full\"><img loading=\"lazy\" decoding=\"async\" width=\"500\" height=\"350\" src=\"https:\/\/navicom.fi\/wp-content\/uploads\/2022\/02\/kulunvalvontalaite-valttikortti.jpg\" alt=\"Kulunvalvontalaite ja valttikortti. Kuvake.\" class=\"wp-image-2715\" title=\"\" srcset=\"https:\/\/navicom.fi\/wp-content\/uploads\/2022\/02\/kulunvalvontalaite-valttikortti.jpg 500w, https:\/\/navicom.fi\/wp-content\/uploads\/2022\/02\/kulunvalvontalaite-valttikortti-300x210.jpg 300w\" sizes=\"auto, (max-width: 500px) 100vw, 500px\" \/><\/figure>\n\n\n\n<h3 id=\"wp-block-themeisle-blocks-advanced-heading-1f8e77ec\" class=\"wp-block-themeisle-blocks-advanced-heading wp-block-themeisle-blocks-advanced-heading-1f8e77ec\">Kulunvalvonta <br>ty\u00f6maalle<\/h3>\n\n\n\n<p>Kulunvalvonta ty\u00f6maalle. Toimintavarma ja helposti k\u00e4ytt\u00f6\u00f6notettava laite kaikkiin k\u00e4ytt\u00f6tarkoituksiin.<\/p>\n\n\n\n<div id=\"section-gcfb7c7\" class=\"wp-block-gutentor-e2 section-gcfb7c7 gutentor-element gutentor-element-button ticss-5a92cf57\"><span class=\"gutentor-button-wrap\"><a class=\"gutentor-button gutentor-block-button gutentor-icon-hide\" href=\"\/kulunvalvontatyomaalle\/\"><i class=\"gutentor-button-icon fas fa-book\"><\/i><span>Lue lis\u00e4\u00e4<\/span><\/a><\/span><\/div>\n<\/div>\n\n\n\n<div id=\"wp-block-themeisle-blocks-advanced-column-ae2155e0\" class=\"wp-block-themeisle-blocks-advanced-column\">\n<figure class=\"wp-block-image size-full\"><img loading=\"lazy\" decoding=\"async\" width=\"500\" height=\"350\" src=\"https:\/\/navicom.fi\/wp-content\/uploads\/2022\/02\/mobiili-tyoajanseuranta-linkkikuva.jpg\" alt=\"Ty\u00f6ajanseuranta k\u00e4nnyk\u00e4ll\u00e4 kuvake.\" class=\"wp-image-2701\" title=\"\" srcset=\"https:\/\/navicom.fi\/wp-content\/uploads\/2022\/02\/mobiili-tyoajanseuranta-linkkikuva.jpg 500w, https:\/\/navicom.fi\/wp-content\/uploads\/2022\/02\/mobiili-tyoajanseuranta-linkkikuva-300x210.jpg 300w\" sizes=\"auto, (max-width: 500px) 100vw, 500px\" \/><\/figure>\n\n\n\n<h3 id=\"wp-block-themeisle-blocks-advanced-heading-417945eb\" class=\"wp-block-themeisle-blocks-advanced-heading wp-block-themeisle-blocks-advanced-heading-417945eb\">Ty\u00f6ajanseuranta k\u00e4nnyk\u00e4ll\u00e4<\/h3>\n\n\n\n<p>Monipuolisin vaihtoehto erilaisten lis\u00e4tietojen v\u00e4litt\u00e4miseen. TES-tulkinnat ja ty\u00f6nv\u00e4litys yms.<\/p>\n\n\n\n<div id=\"section-g1c80df\" class=\"wp-block-gutentor-e2 section-g1c80df gutentor-element gutentor-element-button ticss-5a92cf57\"><span class=\"gutentor-button-wrap\"><a class=\"gutentor-button gutentor-block-button gutentor-icon-hide\" href=\"\/mobiilityoajanseuranta\/\"><i class=\"gutentor-button-icon fas fa-book\"><\/i><span>Lue lis\u00e4\u00e4<\/span><\/a><\/span><\/div>\n<\/div>\n\n\n\n<div id=\"wp-block-themeisle-blocks-advanced-column-a168b720\" class=\"wp-block-themeisle-blocks-advanced-column\"><\/div>\n<\/div><\/div>\n\n\n\n<p><\/p>\n","protected":false},"excerpt":{"rendered":"","protected":false},"author":3,"featured_media":0,"parent":0,"menu_order":0,"comment_status":"closed","ping_status":"closed","template":"","meta":{"content-type":"","footnotes":""},"class_list":["post-823","page","type-page","status-publish","hentry"],"_links":{"self":[{"href":"https:\/\/navicom.fi\/en\/wp-json\/wp\/v2\/pages\/823","targetHints":{"allow":["GET"]}}],"collection":[{"href":"https:\/\/navicom.fi\/en\/wp-json\/wp\/v2\/pages"}],"about":[{"href":"https:\/\/navicom.fi\/en\/wp-json\/wp\/v2\/types\/page"}],"author":[{"embeddable":true,"href":"https:\/\/navicom.fi\/en\/wp-json\/wp\/v2\/users\/3"}],"replies":[{"embeddable":true,"href":"https:\/\/navicom.fi\/en\/wp-json\/wp\/v2\/comments?post=823"}],"version-history":[{"count":46,"href":"https:\/\/navicom.fi\/en\/wp-json\/wp\/v2\/pages\/823\/revisions"}],"predecessor-version":[{"id":14565,"href":"https:\/\/navicom.fi\/en\/wp-json\/wp\/v2\/pages\/823\/revisions\/14565"}],"wp:attachment":[{"href":"https:\/\/navicom.fi\/en\/wp-json\/wp\/v2\/media?parent=823"}],"curies":[{"name":"wp","href":"https:\/\/api.w.org\/{rel}","templated":true}]}}