{"id":8049,"date":"2023-09-13T15:17:01","date_gmt":"2023-09-13T12:17:01","guid":{"rendered":"https:\/\/navicom.fi\/?page_id=8049"},"modified":"2026-02-04T16:05:38","modified_gmt":"2026-02-04T14:05:38","slug":"tyoajanseurannan-ominaisuudet","status":"publish","type":"page","link":"https:\/\/navicom.fi\/en\/tyoajanseurannan-ominaisuudet\/","title":{"rendered":"Navi-Ty\u00f6ajanseurannan ominaisuudet Uusi"},"content":{"rendered":"\n<div id=\"wp-block-themeisle-blocks-advanced-columns-dfba7020\" class=\"wp-block-themeisle-blocks-advanced-columns alignfull has-2-columns has-desktop-twoOne-layout has-tablet-equal-layout has-mobile-collapsedRows-layout has-vertical-unset\"><div class=\"wp-block-themeisle-blocks-advanced-columns-overlay\"><\/div><div class=\"innerblocks-wrap\">\n<div id=\"wp-block-themeisle-blocks-advanced-column-48fb7f15\" class=\"wp-block-themeisle-blocks-advanced-column\">\n<h1 id=\"wp-block-themeisle-blocks-advanced-heading-356f5b71\" class=\"wp-block-themeisle-blocks-advanced-heading wp-block-themeisle-blocks-advanced-heading-356f5b71 ticss-2ca4b78e\">Navi-Ty\u00f6ajanseurannan ominaisuudet<\/h1>\n\n\n<style>.wp-block-kadence-advancedheading.kt-adv-heading8049_d6302b-80, .wp-block-kadence-advancedheading.kt-adv-heading8049_d6302b-80[data-kb-block=\"kb-adv-heading8049_d6302b-80\"]{font-weight:400;font-style:normal;font-family:'Fira Sans';}.wp-block-kadence-advancedheading.kt-adv-heading8049_d6302b-80 mark.kt-highlight, .wp-block-kadence-advancedheading.kt-adv-heading8049_d6302b-80[data-kb-block=\"kb-adv-heading8049_d6302b-80\"] mark.kt-highlight{font-style:normal;color:#f76a0c;-webkit-box-decoration-break:clone;box-decoration-break:clone;padding-top:0px;padding-right:0px;padding-bottom:0px;padding-left:0px;}.wp-block-kadence-advancedheading.kt-adv-heading8049_d6302b-80 img.kb-inline-image, .wp-block-kadence-advancedheading.kt-adv-heading8049_d6302b-80[data-kb-block=\"kb-adv-heading8049_d6302b-80\"] img.kb-inline-image{width:150px;vertical-align:baseline;}<\/style>\n<p class=\"kt-adv-heading8049_d6302b-80 ticss-7c2ef3fd wp-block-kadence-advancedheading has-nv-site-bg-color has-text-color\" data-kb-block=\"kb-adv-heading8049_d6302b-80\">Lue ominaisuuksista alta tai kysy meilt\u00e4 tarvittaessa lis\u00e4tietoja!<\/p>\n\n\n\n<div class=\"wp-block-columns is-layout-flex wp-container-core-columns-is-layout-9d6595d7 wp-block-columns-is-layout-flex\">\n<div class=\"wp-block-column is-layout-flow wp-block-column-is-layout-flow\">\n<div id=\"wp-block-themeisle-blocks-button-group-e465f743\" class=\"wp-block-themeisle-blocks-button-group wp-block-buttons\">\n<div id=\"wp-block-themeisle-blocks-button-0356513c\" class=\"wp-block-themeisle-blocks-button wp-block-button\"><a href=\"\/testaa-palveluitamme-veloituksetta\/\" target=\"_self\" rel=\"noopener noreferrer\" class=\"wp-block-button__link\"><span>Kokeile 30 p\u00e4iv\u00e4\u00e4 maksutta!<\/span><\/a><\/div>\n<\/div>\n<\/div>\n<\/div>\n<\/div>\n\n\n\n<div id=\"wp-block-themeisle-blocks-advanced-column-2a247f28\" class=\"wp-block-themeisle-blocks-advanced-column\">\n<figure class=\"wp-block-image size-medium is-style-rounded\"><img loading=\"lazy\" decoding=\"async\" width=\"300\" height=\"300\" src=\"https:\/\/navicom.fi\/wp-content\/uploads\/2022\/08\/Uusi-logo-nelio-1700px-300x300.png\" alt=\"\" class=\"wp-image-3315\" title=\"\" srcset=\"https:\/\/navicom.fi\/wp-content\/uploads\/2022\/08\/Uusi-logo-nelio-1700px-300x300.png 300w, https:\/\/navicom.fi\/wp-content\/uploads\/2022\/08\/Uusi-logo-nelio-1700px-1024x1024.png 1024w, https:\/\/navicom.fi\/wp-content\/uploads\/2022\/08\/Uusi-logo-nelio-1700px-150x150.png 150w, https:\/\/navicom.fi\/wp-content\/uploads\/2022\/08\/Uusi-logo-nelio-1700px-768x768.png 768w, https:\/\/navicom.fi\/wp-content\/uploads\/2022\/08\/Uusi-logo-nelio-1700px-1536x1536.png 1536w, https:\/\/navicom.fi\/wp-content\/uploads\/2022\/08\/Uusi-logo-nelio-1700px.png 1700w\" sizes=\"auto, (max-width: 300px) 100vw, 300px\" \/><\/figure>\n<\/div>\n<\/div><\/div>\n\n\n\n<div id=\"wp-block-themeisle-blocks-advanced-columns-4b985d62\" class=\"wp-block-themeisle-blocks-advanced-columns alignfull has-1-columns has-desktop-twoOne-layout has-tablet-equal-layout has-mobile-collapsedRows-layout has-vertical-unset\"><div class=\"wp-block-themeisle-blocks-advanced-columns-overlay\"><\/div><div class=\"innerblocks-wrap\">\n<div id=\"wp-block-themeisle-blocks-advanced-column-87e5b6f1\" class=\"wp-block-themeisle-blocks-advanced-column\">\n<div id=\"section-g83c61d\" class=\"wp-block-gutentor-e1 alignfull section-g83c61d gutentor-element gutentor-element-advanced-text\"><div class=\"gutentor-text-wrap\"><p class=\"gutentor-text\"><strong><a href=\"https:\/\/navicom.fi\/\">Navicom<\/a> &gt; <a href=\"https:\/\/navicom.fi\/palvelut\/\">Palvelut<\/a> &gt; <a href=\"https:\/\/navicom.fi\/tyoajanseuranta\/\" data-type=\"page\" data-id=\"756\">Ty\u00f6ajanseuranta <\/a>&gt;<\/strong> <strong><a href=\"https:\/\/navicom.fi\/mobiilityoajanseuranta\/\" data-type=\"page\" data-id=\"846\">Mobiili ty\u00f6ajanseuranta<\/a><\/strong><\/p><\/div><\/div>\n<\/div>\n<\/div><\/div>\n\n\n\n<div id=\"wp-block-themeisle-blocks-advanced-columns-0f9fd14f\" class=\"wp-block-themeisle-blocks-advanced-columns alignfull has-1-columns has-desktop-equal-layout has-tablet-equal-layout has-mobile-equal-layout has-vertical-unset has-light-bg\"><div class=\"wp-block-themeisle-blocks-advanced-columns-overlay\"><\/div><div class=\"innerblocks-wrap\">\n<div id=\"wp-block-themeisle-blocks-advanced-column-6e1234e0\" class=\"wp-block-themeisle-blocks-advanced-column\"><style>.wp-block-kadence-advancedheading.kt-adv-heading8049_fbd25d-a2, .wp-block-kadence-advancedheading.kt-adv-heading8049_fbd25d-a2[data-kb-block=\"kb-adv-heading8049_fbd25d-a2\"]{font-style:normal;}.wp-block-kadence-advancedheading.kt-adv-heading8049_fbd25d-a2 mark.kt-highlight, .wp-block-kadence-advancedheading.kt-adv-heading8049_fbd25d-a2[data-kb-block=\"kb-adv-heading8049_fbd25d-a2\"] mark.kt-highlight{font-style:normal;color:#f76a0c;-webkit-box-decoration-break:clone;box-decoration-break:clone;padding-top:0px;padding-right:0px;padding-bottom:0px;padding-left:0px;}.wp-block-kadence-advancedheading.kt-adv-heading8049_fbd25d-a2 img.kb-inline-image, .wp-block-kadence-advancedheading.kt-adv-heading8049_fbd25d-a2[data-kb-block=\"kb-adv-heading8049_fbd25d-a2\"] img.kb-inline-image{width:150px;vertical-align:baseline;}@media all and (max-width: 767px){.wp-block-kadence-advancedheading.kt-adv-heading8049_fbd25d-a2, .wp-block-kadence-advancedheading.kt-adv-heading8049_fbd25d-a2[data-kb-block=\"kb-adv-heading8049_fbd25d-a2\"]{margin-right:20px;margin-left:20px;}}<\/style>\n<h2 class=\"kt-adv-heading8049_fbd25d-a2 wp-block-kadence-advancedheading\" data-kb-block=\"kb-adv-heading8049_fbd25d-a2\">Navi-Ty\u00f6ajanseurannan palvelusis\u00e4lt\u00f6<\/h2>\n\n\n<style>.wp-block-kadence-advancedheading.kt-adv-heading8049_ef5f6e-5f, .wp-block-kadence-advancedheading.kt-adv-heading8049_ef5f6e-5f[data-kb-block=\"kb-adv-heading8049_ef5f6e-5f\"]{font-style:normal;}.wp-block-kadence-advancedheading.kt-adv-heading8049_ef5f6e-5f mark.kt-highlight, .wp-block-kadence-advancedheading.kt-adv-heading8049_ef5f6e-5f[data-kb-block=\"kb-adv-heading8049_ef5f6e-5f\"] mark.kt-highlight{font-style:normal;color:#f76a0c;-webkit-box-decoration-break:clone;box-decoration-break:clone;padding-top:0px;padding-right:0px;padding-bottom:0px;padding-left:0px;}.wp-block-kadence-advancedheading.kt-adv-heading8049_ef5f6e-5f img.kb-inline-image, .wp-block-kadence-advancedheading.kt-adv-heading8049_ef5f6e-5f[data-kb-block=\"kb-adv-heading8049_ef5f6e-5f\"] img.kb-inline-image{width:150px;vertical-align:baseline;}@media all and (max-width: 767px){.wp-block-kadence-advancedheading.kt-adv-heading8049_ef5f6e-5f, .wp-block-kadence-advancedheading.kt-adv-heading8049_ef5f6e-5f[data-kb-block=\"kb-adv-heading8049_ef5f6e-5f\"]{margin-right:20px;margin-left:20px;}}<\/style>\n<p class=\"kt-adv-heading8049_ef5f6e-5f wp-block-kadence-advancedheading\" data-kb-block=\"kb-adv-heading8049_ef5f6e-5f\">4 vaihetta palvelun hankintaan:<\/p>\n\n\n\n<ol class=\"wp-block-list\">\n<li>T\u00e4yt\u00e4 yhteydenottolomake<\/li>\n\n\n\n<li>Tarvekartoitus asiantuntijamme kanssa<\/li>\n\n\n\n<li>Tarjoukseen tutustuminen<\/li>\n\n\n\n<li>Tilaus ja k\u00e4ytt\u00f6\u00f6notto<\/li>\n<\/ol>\n\n\n\n<table id=\"tablepress-16\" class=\"tablepress tablepress-id-16\">\n<thead>\n<tr class=\"row-1\">\n\t<th class=\"column-1\"><span style=\"color:#0C0C0C;\"><\/span><\/th><th class=\"column-2\"><strong>Ominaisuudet<\/strong><\/th>\n<\/tr>\n<\/thead>\n<tbody class=\"row-striping\">\n<tr class=\"row-2\">\n\t<td class=\"column-1\"><span id=\"kayttoonotto\"><span style=\"color:#0C0C0C;\"><strong>K\u00e4ytt\u00f6\u00f6notto<\/strong><\/span><\/span><\/td><td class=\"column-2\"><span style=\"color:#0C0C0C;\">Veloitukseton k\u00e4ytt\u00f6\u00f6notto jopa p\u00e4iv\u00e4ss\u00e4<\/span><\/td>\n<\/tr>\n<tr class=\"row-3\">\n\t<td class=\"column-1\"><span style=\"color:#0C0C0C;\">  Toimenpiteet<\/span><\/td><td class=\"column-2\"><span style=\"color:#0C0C0C;\">Ty\u00f6ntekij\u00f6iden ja t\u00f6iden veloitukseton j\u00e4rjestelm\u00e4\u00e4n sy\u00f6tt\u00e4minen<\/span><\/td>\n<\/tr>\n<tr class=\"row-4\">\n\t<td class=\"column-1\"><span style=\"color:#0C0C0C;\">  Koulutus p\u00e4\u00e4k\u00e4ytt\u00e4j\u00e4lle (Lis\u00e4koulutukset 69 \u20ac\/h)<\/span><\/td><td class=\"column-2\"><span style=\"color:#0C0C0C;\">1h veloituksetta<\/span><\/td>\n<\/tr>\n<tr class=\"row-5\">\n\t<td class=\"column-1\"><span style=\"color:#0C0C0C;\">  Azure AD Single Sign-ON (SSO)<\/span><\/td><td class=\"column-2\"><strong>\u2713<\/strong><\/td>\n<\/tr>\n<tr class=\"row-6\">\n\t<td class=\"column-1\">  <span id=\"asiakastuki\"><span style=\"color:#0C0C0C;\"><strong>Asiakastuki<\/strong><\/span><\/span><\/td><td class=\"column-2\"><span style=\"color:#0C0C0C;\"><\/span><\/td>\n<\/tr>\n<tr class=\"row-7\">\n\t<td class=\"column-1\"><span style=\"color:#0C0C0C;\">  S\u00e4hk\u00f6postituki<\/span><\/td><td class=\"column-2\"><strong>\u2713<\/strong><\/td>\n<\/tr>\n<tr class=\"row-8\">\n\t<td class=\"column-1\"><span style=\"color:#0C0C0C;\">  Puhelintuki p\u00e4\u00e4k\u00e4ytt\u00e4j\u00e4lle<\/span><\/td><td class=\"column-2\"><strong>\u2713<\/strong><\/td>\n<\/tr>\n<tr class=\"row-9\">\n\t<td class=\"column-1\">  <span id=\"perusominaisuudet\"><span style=\"color:#0C0C0C;\"><strong>Perusominaisuudet<\/strong><\/span><\/span><\/td><td class=\"column-2\"><span style=\"color:#0C0C0C;\"><\/span><\/td>\n<\/tr>\n<tr class=\"row-10\">\n\t<td class=\"column-1\"><span style=\"color:#0C0C0C;\">  Leimaus t\u00f6ihin ja poissaoloihin mobiilissa\/selaimessa<\/span><\/td><td class=\"column-2\"><strong>\u2713<\/strong><\/td>\n<\/tr>\n<tr class=\"row-11\">\n\t<td class=\"column-1\"><span style=\"color:#0C0C0C;\">  Ty\u00f6merkint\u00f6jen muokkaus ja hyv\u00e4ksynt\u00e4 eri k\u00e4ytt\u00e4j\u00e4ryhmill\u00e4<\/span><\/td><td class=\"column-2\"><strong>\u2713<\/strong><\/td>\n<\/tr>\n<tr class=\"row-12\">\n\t<td class=\"column-1\">  Paikkatietopalvelu sis\u00e4\u00e4n- ja ulosleimauksista<\/td><td class=\"column-2\"><strong>\u2713<\/strong><\/td>\n<\/tr>\n<tr class=\"row-13\">\n\t<td class=\"column-1\">Liukumasaldojen k\u00e4sittely<\/td><td class=\"column-2\"><strong>\u2713<\/strong><\/td>\n<\/tr>\n<tr class=\"row-14\">\n\t<td class=\"column-1\">  <span id=\"palkkatulkinnat\"><span style=\"color:#0C0C0C;\"><strong>Yrityskohtaiset palkkatulkinnat <\/strong><\/span><\/span><\/td><td class=\"column-2\"><span style=\"color:#0C0C0C;\"><\/span><\/td>\n<\/tr>\n<tr class=\"row-15\">\n\t<td class=\"column-1\">Avaimet k\u00e4teen k\u00e4ytt\u00f6\u00f6nottopalvelu*<\/td><td class=\"column-2\"><strong>\u2713<\/strong><\/td>\n<\/tr>\n<tr class=\"row-16\">\n\t<td class=\"column-1\"><span style=\"color:#0C0C0C;\">TES-tulkinnat <\/span><\/td><td class=\"column-2\"><strong>\u2713<\/strong><\/td>\n<\/tr>\n<tr class=\"row-17\">\n\t<td class=\"column-1\"><span style=\"color:#0C0C0C;\">Sovelletut TES-tulkinnat<\/span><\/td><td class=\"column-2\"><strong>\u2713<\/strong><\/td>\n<\/tr>\n<tr class=\"row-18\">\n\t<td class=\"column-1\">Ylity\u00f6n, ilta- ja y\u00f6lisien tulkinta<\/td><td class=\"column-2\"><strong>\u2713<\/strong><\/td>\n<\/tr>\n<tr class=\"row-19\">\n\t<td class=\"column-1\">Valmiit liittym\u00e4t palkanlaskenta-<br \/>\nohjelmistoihin**<\/td><td class=\"column-2\"><strong>\u2713<\/strong><\/td>\n<\/tr>\n<tr class=\"row-20\">\n\t<td class=\"column-1\">  <span id=\"raportit\"><span style=\"color:#0C0C0C;\"><strong>Raportit<\/strong><\/span><\/span><\/td><td class=\"column-2\"><\/td>\n<\/tr>\n<tr class=\"row-21\">\n\t<td class=\"column-1\">Palkanmaksua, projektianalyysia ja laskutusta tukevat raportit<\/td><td class=\"column-2\"><strong>\u2713<\/strong><\/td>\n<\/tr>\n<tr class=\"row-22\">\n\t<td class=\"column-1\">  Lomien ja poissaolojen hallinta<\/td><td class=\"column-2\"><strong>\u2713<\/strong><\/td>\n<\/tr>\n<tr class=\"row-23\">\n\t<td class=\"column-1\">  Matkalaskujen luominen ja hyv\u00e4ksynt\u00e4<\/td><td class=\"column-2\"><strong>\u2713<\/strong><\/td>\n<\/tr>\n<tr class=\"row-24\">\n\t<td class=\"column-1\">  Matkalaskun p\u00e4iv\u00e4raha-automatiikka<\/td><td class=\"column-2\"><strong>\u2713<\/strong><\/td>\n<\/tr>\n<tr class=\"row-25\">\n\t<td class=\"column-1\">  Ty\u00f6ajan kohdentaminen projekteille, kustannuspaikoille, asiakkaille<\/td><td class=\"column-2\"><strong>\u2713<\/strong><\/td>\n<\/tr>\n<tr class=\"row-26\">\n\t<td class=\"column-1\"><span style=\"color:#0C0C0C;\">  Palkkakauden lukitseminen palkka-ajon j\u00e4lkeen<\/span><\/td><td class=\"column-2\"><strong>\u2713<\/strong><\/td>\n<\/tr>\n<tr class=\"row-27\">\n\t<td class=\"column-1\">  <span id=\"liikkuva_tyo\"><span style=\"color:#0C0C0C;\"><strong>Liikkuva ty\u00f6<\/strong><\/span><\/span><\/td><td class=\"column-2\"><\/td>\n<\/tr>\n<tr class=\"row-28\">\n\t<td class=\"column-1\">  Ty\u00f6ntekij\u00e4n Matka-aikojen erottelu<\/td><td class=\"column-2\"><strong>\u2713<\/strong><\/td>\n<\/tr>\n<tr class=\"row-29\">\n\t<td class=\"column-1\">  Ty\u00f6ntekij\u00e4n Matka-aikojen palkkatulkinta <\/td><td class=\"column-2\"><strong>\u2713<\/strong><\/td>\n<\/tr>\n<tr class=\"row-30\">\n\t<td class=\"column-1\">  Urakkasuoritteiden merkint\u00e4<\/td><td class=\"column-2\"><strong>\u2713<\/strong><\/td>\n<\/tr>\n<tr class=\"row-31\">\n\t<td class=\"column-1\">  Urakkasuoritteiden palkkatulkinta<\/td><td class=\"column-2\"><strong>\u2713<\/strong><\/td>\n<\/tr>\n<tr class=\"row-32\">\n\t<td class=\"column-1\">  Laskutussuoritteiden k\u00e4sittely<\/td><td class=\"column-2\"><strong>\u2713<\/strong><\/td>\n<\/tr>\n<tr class=\"row-33\">\n\t<td class=\"column-1\">  <span id=\"tietoviennit\"><strong>Tietoviennit toisiin ohjelmistoihin<\/strong><\/span><\/td><td class=\"column-2\"><span style=\"color:#0C0C0C;\"><\/span><\/td>\n<\/tr>\n<tr class=\"row-34\">\n\t<td class=\"column-1\">  CSV-rajapinnat<\/td><td class=\"column-2\"><strong>\u2713<\/strong><\/td>\n<\/tr>\n<tr class=\"row-35\">\n\t<td class=\"column-1\">  Palkanmaksuohjelmat<\/td><td class=\"column-2\"><strong>\u2713<\/strong><\/td>\n<\/tr>\n<tr class=\"row-36\">\n\t<td class=\"column-1\">  API-rajapinnat (Web Services\/HTTP)<\/td><td class=\"column-2\"><strong>\u2713<\/strong><\/td>\n<\/tr>\n<tr class=\"row-37\">\n\t<td class=\"column-1\">  <span id=\"kulunvalvonta\"><strong>Kulunvalvonta rakennusalalle ja toimistoihin<\/strong><\/span><\/td><td class=\"column-2\"><\/td>\n<\/tr>\n<tr class=\"row-38\">\n\t<td class=\"column-1\">  Kulunvalvontalaite, jossa tuki Valttikortille\/NFC-l\u00e4tk\u00e4lle<\/td><td class=\"column-2\"><strong>\u2713<\/strong><\/td>\n<\/tr>\n<tr class=\"row-39\">\n\t<td class=\"column-1\">  Tiedonsiirto verottajan ilmoitin.fi-rajapintaan<\/td><td class=\"column-2\"><strong>\u2713<\/strong><\/td>\n<\/tr>\n<tr class=\"row-40\">\n\t<td class=\"column-1\">Tiedonsiirto Vastuu Groupin Ty\u00f6maarekisteriin<\/td><td class=\"column-2\"><strong>\u2713<\/strong><\/td>\n<\/tr>\n<\/tbody>\n<\/table>\n<!-- #tablepress-16 from cache -->\n\n<style>.wp-block-kadence-advancedheading.kt-adv-heading8049_1e3ea7-1d, .wp-block-kadence-advancedheading.kt-adv-heading8049_1e3ea7-1d[data-kb-block=\"kb-adv-heading8049_1e3ea7-1d\"]{font-style:normal;}.wp-block-kadence-advancedheading.kt-adv-heading8049_1e3ea7-1d mark.kt-highlight, .wp-block-kadence-advancedheading.kt-adv-heading8049_1e3ea7-1d[data-kb-block=\"kb-adv-heading8049_1e3ea7-1d\"] mark.kt-highlight{font-style:normal;color:#f76a0c;-webkit-box-decoration-break:clone;box-decoration-break:clone;padding-top:0px;padding-right:0px;padding-bottom:0px;padding-left:0px;}.wp-block-kadence-advancedheading.kt-adv-heading8049_1e3ea7-1d img.kb-inline-image, .wp-block-kadence-advancedheading.kt-adv-heading8049_1e3ea7-1d[data-kb-block=\"kb-adv-heading8049_1e3ea7-1d\"] img.kb-inline-image{width:150px;vertical-align:baseline;}@media all and (max-width: 767px){.wp-block-kadence-advancedheading.kt-adv-heading8049_1e3ea7-1d, .wp-block-kadence-advancedheading.kt-adv-heading8049_1e3ea7-1d[data-kb-block=\"kb-adv-heading8049_1e3ea7-1d\"]{margin-right:20px;margin-left:20px;}}<\/style>\n<p class=\"kt-adv-heading8049_1e3ea7-1d wp-block-kadence-advancedheading\" data-kb-block=\"kb-adv-heading8049_1e3ea7-1d\">&nbsp;*K\u00e4ytt\u00f6\u00f6noton vaiheet: 1) Asiakastarpeiden mukaiset palkanlaskus\u00e4\u00e4nn\u00f6n sy\u00f6tet\u00e4\u00e4n Navisystem-palkkatulkintaan 2) Asiakas\/tilitoimisto hyv\u00e4ksyy palkkatulkinnat 3) Palvelu otetaan k\u00e4ytt\u00f6\u00f6n<\/p>\n\n\n<style>.wp-block-kadence-advancedheading.kt-adv-heading8049_e0f0f3-8c, .wp-block-kadence-advancedheading.kt-adv-heading8049_e0f0f3-8c[data-kb-block=\"kb-adv-heading8049_e0f0f3-8c\"]{font-style:normal;}.wp-block-kadence-advancedheading.kt-adv-heading8049_e0f0f3-8c mark.kt-highlight, .wp-block-kadence-advancedheading.kt-adv-heading8049_e0f0f3-8c[data-kb-block=\"kb-adv-heading8049_e0f0f3-8c\"] mark.kt-highlight{font-style:normal;color:#f76a0c;-webkit-box-decoration-break:clone;box-decoration-break:clone;padding-top:0px;padding-right:0px;padding-bottom:0px;padding-left:0px;}.wp-block-kadence-advancedheading.kt-adv-heading8049_e0f0f3-8c img.kb-inline-image, .wp-block-kadence-advancedheading.kt-adv-heading8049_e0f0f3-8c[data-kb-block=\"kb-adv-heading8049_e0f0f3-8c\"] img.kb-inline-image{width:150px;vertical-align:baseline;}@media all and (max-width: 767px){.wp-block-kadence-advancedheading.kt-adv-heading8049_e0f0f3-8c, .wp-block-kadence-advancedheading.kt-adv-heading8049_e0f0f3-8c[data-kb-block=\"kb-adv-heading8049_e0f0f3-8c\"]{margin-right:20px;margin-left:20px;}}<\/style>\n<p class=\"kt-adv-heading8049_e0f0f3-8c wp-block-kadence-advancedheading\" data-kb-block=\"kb-adv-heading8049_e0f0f3-8c\">&nbsp;**Excel, eFina (Administer), Mepco, Mepco (Talenom), Netvisor, Palkka.fi, Procountor, Tikon, Unit4, Visma L7, Visma Nova<\/p>\n<\/div>\n<\/div><\/div>\n\n\n\n<div id=\"wp-block-themeisle-blocks-advanced-columns-31423ee3\" class=\"wp-block-themeisle-blocks-advanced-columns alignfull has-1-columns has-desktop-twoOne-layout has-tablet-equal-layout has-mobile-collapsedRows-layout has-vertical-unset ticss-10cc0120\"><div class=\"wp-block-themeisle-blocks-advanced-columns-overlay\"><\/div><div class=\"innerblocks-wrap\">\n<div id=\"wp-block-themeisle-blocks-advanced-column-8a8b7b43\" class=\"wp-block-themeisle-blocks-advanced-column\">\n<div id=\"wp-block-themeisle-blocks-advanced-columns-0851e33d\" class=\"wp-block-themeisle-blocks-advanced-columns alignfull has-1-columns has-desktop-equal-layout has-tablet-equal-layout has-mobile-equal-layout has-vertical-unset\"><div class=\"wp-block-themeisle-blocks-advanced-columns-overlay\"><\/div><div class=\"innerblocks-wrap\">\n<div id=\"wp-block-themeisle-blocks-advanced-column-56e0874a\" class=\"wp-block-themeisle-blocks-advanced-column\">\n<h2 id=\"wp-block-themeisle-blocks-advanced-heading-6814731e\" class=\"wp-block-themeisle-blocks-advanced-heading wp-block-themeisle-blocks-advanced-heading-6814731e\">Katso my\u00f6s<\/h2>\n<\/div>\n<\/div><\/div>\n<\/div>\n<\/div><\/div>\n\n\n\n<div id=\"wp-block-themeisle-blocks-advanced-columns-35abd484\" class=\"wp-block-themeisle-blocks-advanced-columns alignfull has-3-columns has-desktop-equal-layout has-tablet-equal-layout has-mobile-collapsedRows-layout has-vertical-unset\"><div class=\"wp-block-themeisle-blocks-advanced-columns-overlay\"><\/div><div class=\"innerblocks-wrap\">\n<div id=\"wp-block-themeisle-blocks-advanced-column-a56ed5d4\" class=\"wp-block-themeisle-blocks-advanced-column\">\n<figure class=\"wp-block-image size-full\"><img loading=\"lazy\" decoding=\"async\" width=\"500\" height=\"350\" src=\"https:\/\/navicom.fi\/wp-content\/uploads\/2022\/02\/kaikki-kirjaustavat-linkkikuva.jpg\" alt=\"Ty\u00f6ajanseurannan vaihtoehtoiset kirjaustavat: mobiililaite, kellokorttilaite, ty\u00f6ajanseuranta autossa.\" class=\"wp-image-2706\" title=\"\" srcset=\"https:\/\/navicom.fi\/wp-content\/uploads\/2022\/02\/kaikki-kirjaustavat-linkkikuva.jpg 500w, https:\/\/navicom.fi\/wp-content\/uploads\/2022\/02\/kaikki-kirjaustavat-linkkikuva-300x210.jpg 300w\" sizes=\"auto, (max-width: 500px) 100vw, 500px\" \/><\/figure>\n\n\n\n<h3 id=\"wp-block-themeisle-blocks-advanced-heading-c179b5b0\" class=\"wp-block-themeisle-blocks-advanced-heading wp-block-themeisle-blocks-advanced-heading-c179b5b0\">Monipuoliset tuntikirjaustavat<\/h3>\n\n\n\n<p>Mobiilin ty\u00f6ajanseurannan lis\u00e4ksi tunteja voidaan kirjata ajoneuvolaitteilla tai kulunvalvontalaitteilla. Kirjaustapoja voidaan k\u00e4ytt\u00e4\u00e4 erikseen tai yhdess\u00e4.<\/p>\n\n\n\n<div id=\"section-g4ae3c2\" class=\"wp-block-gutentor-e2 section-g4ae3c2 gutentor-element gutentor-element-button ticss-5a92cf57\"><span class=\"gutentor-button-wrap\"><a class=\"gutentor-button gutentor-block-button gutentor-icon-hide\" href=\"\/tyoajanseuranta\/\"><i class=\"gutentor-button-icon fas fa-book\"><\/i><span>Lue lis\u00e4\u00e4<\/span><\/a><\/span><\/div>\n<\/div>\n\n\n\n<div id=\"wp-block-themeisle-blocks-advanced-column-ae2155e0\" class=\"wp-block-themeisle-blocks-advanced-column\">\n<figure class=\"wp-block-image size-full\"><img loading=\"lazy\" decoding=\"async\" width=\"500\" height=\"350\" src=\"https:\/\/navicom.fi\/wp-content\/uploads\/2022\/02\/tyonohjaus-linkkikuva.jpg\" alt=\"Ty\u00f6nohjaus -kuvake\" class=\"wp-image-2707\" title=\"\" srcset=\"https:\/\/navicom.fi\/wp-content\/uploads\/2022\/02\/tyonohjaus-linkkikuva.jpg 500w, https:\/\/navicom.fi\/wp-content\/uploads\/2022\/02\/tyonohjaus-linkkikuva-300x210.jpg 300w\" sizes=\"auto, (max-width: 500px) 100vw, 500px\" \/><\/figure>\n\n\n\n<h3 id=\"wp-block-themeisle-blocks-advanced-heading-c408d0b9\" class=\"wp-block-themeisle-blocks-advanced-heading wp-block-themeisle-blocks-advanced-heading-c408d0b9\">Ty\u00f6nohjaus ja ty\u00f6ajanseuranta<\/h3>\n\n\n\n<p>Ty\u00f6nohjauksen avulla tietojen v\u00e4litys kent\u00e4ll\u00e4 ja kent\u00e4n sek\u00e4 toimiston v\u00e4lill\u00e4 helpottuvat. Samalla voidaan varmistua, ett\u00e4 ty\u00f6t tulevat tehty\u00e4 ajallaan.<\/p>\n\n\n\n<div id=\"section-g38dfae\" class=\"wp-block-gutentor-e2 section-g38dfae gutentor-element gutentor-element-button ticss-5a92cf57\"><span class=\"gutentor-button-wrap\"><a class=\"gutentor-button gutentor-block-button gutentor-icon-hide\" href=\"\/tyonohjaus\/\"><i class=\"gutentor-button-icon fas fa-book\"><\/i><span>Lue lis\u00e4\u00e4<\/span><\/a><\/span><\/div>\n<\/div>\n\n\n\n<div id=\"wp-block-themeisle-blocks-advanced-column-bc3e000f\" class=\"wp-block-themeisle-blocks-advanced-column\">\n<figure class=\"wp-block-image size-full\"><img loading=\"lazy\" decoding=\"async\" width=\"500\" height=\"350\" src=\"https:\/\/navicom.fi\/wp-content\/uploads\/2022\/02\/rajapinnat-linkkikuva.jpg\" alt=\"Palkanmaksu- ja rajapinnat -kuvake\" class=\"wp-image-2708\" title=\"\" srcset=\"https:\/\/navicom.fi\/wp-content\/uploads\/2022\/02\/rajapinnat-linkkikuva.jpg 500w, https:\/\/navicom.fi\/wp-content\/uploads\/2022\/02\/rajapinnat-linkkikuva-300x210.jpg 300w\" sizes=\"auto, (max-width: 500px) 100vw, 500px\" \/><\/figure>\n\n\n\n<h3 id=\"wp-block-themeisle-blocks-advanced-heading-9e04b8b2\" class=\"wp-block-themeisle-blocks-advanced-heading wp-block-themeisle-blocks-advanced-heading-9e04b8b2\">Palkanmaksu- ja laskutusrajapinnat<\/h3>\n\n\n\n<p>Navisystem-palveluun voidaan liitt\u00e4\u00e4 monia eri j\u00e4rjestelmi\u00e4 modernien rajapintojen kautta. Esimerkiksi ty\u00f6kirjaukset voidaan vied\u00e4 palkanmaksuun ja laskutukseen.<\/p>\n\n\n\n<div id=\"section-gec8dfd\" class=\"wp-block-gutentor-e2 section-gec8dfd gutentor-element gutentor-element-button ticss-5a92cf57\"><span class=\"gutentor-button-wrap\"><a class=\"gutentor-button gutentor-block-button gutentor-icon-hide\" href=\"\/rajapinnat\/\"><i class=\"gutentor-button-icon fas fa-book\"><\/i><span>Lue lis\u00e4\u00e4<\/span><\/a><\/span><\/div>\n<\/div>\n<\/div><\/div>\n\n\n","protected":false},"excerpt":{"rendered":"","protected":false},"author":3,"featured_media":0,"parent":0,"menu_order":0,"comment_status":"closed","ping_status":"closed","template":"","meta":{"content-type":"","footnotes":""},"class_list":["post-8049","page","type-page","status-publish","hentry"],"_links":{"self":[{"href":"https:\/\/navicom.fi\/en\/wp-json\/wp\/v2\/pages\/8049","targetHints":{"allow":["GET"]}}],"collection":[{"href":"https:\/\/navicom.fi\/en\/wp-json\/wp\/v2\/pages"}],"about":[{"href":"https:\/\/navicom.fi\/en\/wp-json\/wp\/v2\/types\/page"}],"author":[{"embeddable":true,"href":"https:\/\/navicom.fi\/en\/wp-json\/wp\/v2\/users\/3"}],"replies":[{"embeddable":true,"href":"https:\/\/navicom.fi\/en\/wp-json\/wp\/v2\/comments?post=8049"}],"version-history":[{"count":57,"href":"https:\/\/navicom.fi\/en\/wp-json\/wp\/v2\/pages\/8049\/revisions"}],"predecessor-version":[{"id":13951,"href":"https:\/\/navicom.fi\/en\/wp-json\/wp\/v2\/pages\/8049\/revisions\/13951"}],"wp:attachment":[{"href":"https:\/\/navicom.fi\/en\/wp-json\/wp\/v2\/media?parent=8049"}],"curies":[{"name":"wp","href":"https:\/\/api.w.org\/{rel}","templated":true}]}}