{"id":718,"date":"2021-04-16T11:16:15","date_gmt":"2021-04-16T08:16:15","guid":{"rendered":"https:\/\/navicom.fi\/?page_id=718"},"modified":"2026-02-23T15:03:40","modified_gmt":"2026-02-23T13:03:40","slug":"yhteystiedot","status":"publish","type":"page","link":"https:\/\/navicom.fi\/en\/yhteystiedot\/","title":{"rendered":"Yhteystiedot Uusi"},"content":{"rendered":"\n<div id=\"wp-block-themeisle-blocks-advanced-columns-e99cfd6f\" class=\"wp-block-themeisle-blocks-advanced-columns alignfull has-1-columns has-desktop-equal-layout has-tablet-equal-layout has-mobile-equal-layout has-vertical-unset has-dark-bg\"><div class=\"wp-block-themeisle-blocks-advanced-columns-overlay\"><\/div><div class=\"innerblocks-wrap\">\n<div id=\"wp-block-themeisle-blocks-advanced-column-40555215\" class=\"wp-block-themeisle-blocks-advanced-column\">\n<h1 id=\"wp-block-themeisle-blocks-advanced-heading-edcb3e6c\" class=\"wp-block-themeisle-blocks-advanced-heading wp-block-themeisle-blocks-advanced-heading-edcb3e6c\">Yhteystietomme<\/h1>\n<\/div>\n<\/div><\/div>\n\n\n\n<div id=\"wp-block-themeisle-blocks-advanced-columns-213b82c1\" class=\"wp-block-themeisle-blocks-advanced-columns alignfull has-2-columns has-desktop-twoOne-layout has-tablet-equal-layout has-mobile-collapsedRows-layout has-vertical-unset has-default-gap\"><div class=\"wp-block-themeisle-blocks-advanced-columns-overlay\"><\/div><div class=\"innerblocks-wrap\">\n<div id=\"wp-block-themeisle-blocks-advanced-column-1ca77833\" class=\"wp-block-themeisle-blocks-advanced-column\">\n<h3 class=\"wp-block-heading has-nv-dark-bg-color has-text-color\">Asiakaspalvelu, yhteydenotot ja tarjouspyynn\u00f6t<\/h3>\n\n\n\n<p>Palvelemme mielell\u00e4mme asiassa kuin asiassa. <\/p>\n\n\n\n<p>Voit l\u00e4hett\u00e4\u00e4 s\u00e4hk\u00f6postia <a href=\"mailto:myynti@navicom.fi\">myynti@navicom.fi<\/a>&nbsp; tai soittaa <a href=\"tel:010 212 0040\">010 212 0040<\/a><\/p>\n\n\n\n<p>tai suoraan: <a href=\"tel:+358406885250\">040 688 5250<\/a>&nbsp;(Matias) &nbsp;\/ &nbsp;<a href=\"tel:+358400597979\">0400 59 7979<\/a>&nbsp;&nbsp;(Lauri)<\/p>\n\n\n\n<h3 class=\"wp-block-heading\">Yleiset tiedot<\/h3>\n\n\n\n<p><strong>Osoite:<\/strong> <\/p>\n\n\n\n<p>Navicom Oy<\/p>\n\n\n\n<p>J\u00f6sse Sakon katu 8 A 85, 20610 Turku<\/p>\n\n\n\n\n\n<p><strong>Y-tunnus:<\/strong> 2275921-0<\/p>\n\n\n\n<p><strong>Verkkolaskutunnus:<\/strong> 003722759210192 <\/p>\n\n\n\n<p><strong>Operaattoritunnus:<\/strong> 003723327487 (Apix Messaging Oy)<\/p>\n\n\n<style>.wp-block-kadence-advancedheading.kt-adv-heading718_4e7f5a-59, .wp-block-kadence-advancedheading.kt-adv-heading718_4e7f5a-59[data-kb-block=\"kb-adv-heading718_4e7f5a-59\"]{padding-bottom:20px;font-style:normal;}.wp-block-kadence-advancedheading.kt-adv-heading718_4e7f5a-59 mark.kt-highlight, .wp-block-kadence-advancedheading.kt-adv-heading718_4e7f5a-59[data-kb-block=\"kb-adv-heading718_4e7f5a-59\"] mark.kt-highlight{font-style:normal;color:#f76a0c;-webkit-box-decoration-break:clone;box-decoration-break:clone;padding-top:0px;padding-right:0px;padding-bottom:0px;padding-left:0px;}.wp-block-kadence-advancedheading.kt-adv-heading718_4e7f5a-59 img.kb-inline-image, .wp-block-kadence-advancedheading.kt-adv-heading718_4e7f5a-59[data-kb-block=\"kb-adv-heading718_4e7f5a-59\"] img.kb-inline-image{width:150px;vertical-align:baseline;}<\/style>\n<h3 class=\"kt-adv-heading718_4e7f5a-59 wp-block-kadence-advancedheading\" data-kb-block=\"kb-adv-heading718_4e7f5a-59\">Yhteyshenkil\u00f6t<\/h3>\n\n\n\n<div class=\"wp-block-columns is-layout-flex wp-container-core-columns-is-layout-9d6595d7 wp-block-columns-is-layout-flex\">\n<div class=\"wp-block-column is-layout-flow wp-block-column-is-layout-flow\">\n<div class=\"wp-block-getwid-person ticss-59e1c6f8 is-image-cropped\"><div class=\"wp-block-getwid-person__image\"><img loading=\"lazy\" decoding=\"async\" width=\"1000\" height=\"1000\" src=\"https:\/\/navicom.fi\/wp-content\/uploads\/2023\/08\/matias2.jpg\" class=\"wp-image-7607\" alt=\"\" title=\"\" srcset=\"https:\/\/navicom.fi\/wp-content\/uploads\/2023\/08\/matias2.jpg 1000w, https:\/\/navicom.fi\/wp-content\/uploads\/2023\/08\/matias2-300x300.jpg 300w, https:\/\/navicom.fi\/wp-content\/uploads\/2023\/08\/matias2-150x150.jpg 150w, https:\/\/navicom.fi\/wp-content\/uploads\/2023\/08\/matias2-768x768.jpg 768w\" sizes=\"auto, (max-width: 1000px) 100vw, 1000px\" \/><\/div><div class=\"wp-block-getwid-person__content-wrapper\"><span class=\"wp-block-getwid-person__title\">Matias M\u00e4kinen<\/span><span class=\"wp-block-getwid-person__subtitle\">Myyntip\u00e4\u00e4llikk\u00f6<\/span><p class=\"wp-block-getwid-person__content\"><strong><a href=\"tel:+358406885250\">040 688 5250<\/a><\/strong><br><a href=\"mailto:matias@navicom.fi\">matias@navicom.fi<\/a><\/p>\n<div class=\"wp-block-getwid-social-links has-default-spacing\"><ul class=\"wp-block-getwid-social-links__list getwid-justify-content-center\"><\/ul><\/div>\n<\/div><\/div>\n<\/div>\n\n\n\n<div class=\"wp-block-column is-layout-flow wp-block-column-is-layout-flow\">\n<div class=\"wp-block-getwid-person ticss-5025ca46 is-image-cropped\"><div class=\"wp-block-getwid-person__image\"><img loading=\"lazy\" decoding=\"async\" width=\"1000\" height=\"1000\" src=\"https:\/\/navicom.fi\/wp-content\/uploads\/2023\/08\/lauri2.jpg\" class=\"wp-image-7608\" alt=\"\" title=\"\" srcset=\"https:\/\/navicom.fi\/wp-content\/uploads\/2023\/08\/lauri2.jpg 1000w, https:\/\/navicom.fi\/wp-content\/uploads\/2023\/08\/lauri2-300x300.jpg 300w, https:\/\/navicom.fi\/wp-content\/uploads\/2023\/08\/lauri2-150x150.jpg 150w, https:\/\/navicom.fi\/wp-content\/uploads\/2023\/08\/lauri2-768x768.jpg 768w\" sizes=\"auto, (max-width: 1000px) 100vw, 1000px\" \/><\/div><div class=\"wp-block-getwid-person__content-wrapper\"><span class=\"wp-block-getwid-person__title\">Lauri Pilpola<\/span><span class=\"wp-block-getwid-person__subtitle\">Myynti \/ tuki<\/span><p class=\"wp-block-getwid-person__content\"><strong><a href=\"tel:+358400597979\">0400 59 7979<\/a><\/strong><br><a href=\"mailto:lauri.pilpola@navicom.fi\">lauri.pilpola@navicom.fi<\/a><\/p>\n<div class=\"wp-block-getwid-social-links has-default-spacing\"><ul class=\"wp-block-getwid-social-links__list getwid-justify-content-center\"><\/ul><\/div>\n<\/div><\/div>\n<\/div>\n\n\n\n<div class=\"wp-block-column is-layout-flow wp-block-column-is-layout-flow\">\n<div class=\"wp-block-getwid-person ticss-54895c32 is-image-cropped\"><div class=\"wp-block-getwid-person__image\"><img loading=\"lazy\" decoding=\"async\" width=\"1000\" height=\"1000\" src=\"https:\/\/navicom.fi\/wp-content\/uploads\/2023\/08\/tommi2.jpg\" class=\"wp-image-7609\" alt=\"\" title=\"\" srcset=\"https:\/\/navicom.fi\/wp-content\/uploads\/2023\/08\/tommi2.jpg 1000w, https:\/\/navicom.fi\/wp-content\/uploads\/2023\/08\/tommi2-300x300.jpg 300w, https:\/\/navicom.fi\/wp-content\/uploads\/2023\/08\/tommi2-150x150.jpg 150w, https:\/\/navicom.fi\/wp-content\/uploads\/2023\/08\/tommi2-768x768.jpg 768w\" sizes=\"auto, (max-width: 1000px) 100vw, 1000px\" \/><\/div><div class=\"wp-block-getwid-person__content-wrapper\"><span class=\"wp-block-getwid-person__title\">Tommi Mertsalmi<\/span><span class=\"wp-block-getwid-person__subtitle\">Tuotekehitys \/ myynti<\/span><p class=\"wp-block-getwid-person__content\"><strong><a href=\"tel:+358452776750\">045 277 6750<\/a>&nbsp;<\/strong><br><a href=\"mailto:tommi.mertsalmi@navicom.fi\">tommi.mertsalmi@navicom.fi<\/a><\/p>\n<div class=\"wp-block-getwid-social-links has-default-spacing\"><ul class=\"wp-block-getwid-social-links__list getwid-justify-content-center\"><\/ul><\/div>\n<\/div><\/div>\n<\/div>\n<\/div>\n\n\n\n<div class=\"wp-block-columns is-layout-flex wp-container-core-columns-is-layout-9d6595d7 wp-block-columns-is-layout-flex\">\n<div class=\"wp-block-column is-layout-flow wp-block-column-is-layout-flow\">\n<div class=\"wp-block-getwid-person ticss-40a886bc is-image-cropped\"><div class=\"wp-block-getwid-person__image\"><img loading=\"lazy\" decoding=\"async\" width=\"1000\" height=\"1000\" src=\"https:\/\/navicom.fi\/wp-content\/uploads\/2023\/08\/samppa2.jpg\" class=\"wp-image-7610\" alt=\"\" title=\"\" srcset=\"https:\/\/navicom.fi\/wp-content\/uploads\/2023\/08\/samppa2.jpg 1000w, https:\/\/navicom.fi\/wp-content\/uploads\/2023\/08\/samppa2-300x300.jpg 300w, https:\/\/navicom.fi\/wp-content\/uploads\/2023\/08\/samppa2-150x150.jpg 150w, https:\/\/navicom.fi\/wp-content\/uploads\/2023\/08\/samppa2-768x768.jpg 768w\" sizes=\"auto, (max-width: 1000px) 100vw, 1000px\" \/><\/div><div class=\"wp-block-getwid-person__content-wrapper\"><span class=\"wp-block-getwid-person__title\">Samppa Mattila<\/span><span class=\"wp-block-getwid-person__subtitle\">Tuotekehitys<\/span><p class=\"wp-block-getwid-person__content\"><a href=\"mailto:tuki@navicom.fi\">tuki@navicom.fi<\/a><\/p>\n<div class=\"wp-block-getwid-social-links has-default-spacing\"><ul class=\"wp-block-getwid-social-links__list getwid-justify-content-center\"><\/ul><\/div>\n<\/div><\/div>\n<\/div>\n\n\n\n<div class=\"wp-block-column is-layout-flow wp-block-column-is-layout-flow\">\n<div class=\"wp-block-getwid-person ticss-fedf5606 is-image-cropped\"><div class=\"wp-block-getwid-person__image\"><img loading=\"lazy\" decoding=\"async\" width=\"1000\" height=\"1000\" src=\"https:\/\/navicom.fi\/wp-content\/uploads\/2023\/08\/jan-erik2.jpg\" class=\"wp-image-7611\" alt=\"\" title=\"\" srcset=\"https:\/\/navicom.fi\/wp-content\/uploads\/2023\/08\/jan-erik2.jpg 1000w, https:\/\/navicom.fi\/wp-content\/uploads\/2023\/08\/jan-erik2-300x300.jpg 300w, https:\/\/navicom.fi\/wp-content\/uploads\/2023\/08\/jan-erik2-150x150.jpg 150w, https:\/\/navicom.fi\/wp-content\/uploads\/2023\/08\/jan-erik2-768x768.jpg 768w\" sizes=\"auto, (max-width: 1000px) 100vw, 1000px\" \/><\/div><div class=\"wp-block-getwid-person__content-wrapper\"><span class=\"wp-block-getwid-person__title\">Jan-Erik Finnberg<\/span><span class=\"wp-block-getwid-person__subtitle\">Tuotekehitys<\/span><p class=\"wp-block-getwid-person__content\"><a href=\"mailto:tuki@navicom.fi\">tuki@navicom.fi<\/a><\/p>\n<div class=\"wp-block-getwid-social-links has-default-spacing\"><ul class=\"wp-block-getwid-social-links__list getwid-justify-content-center\"><\/ul><\/div>\n<\/div><\/div>\n<\/div>\n\n\n\n<div class=\"wp-block-column is-layout-flow wp-block-column-is-layout-flow\">\n<div class=\"wp-block-getwid-person ticss-9c4cd2dc is-image-cropped\"><div class=\"wp-block-getwid-person__image\"><img loading=\"lazy\" decoding=\"async\" width=\"1000\" height=\"1000\" src=\"https:\/\/navicom.fi\/wp-content\/uploads\/2023\/08\/marko2.jpg\" class=\"wp-image-7612\" alt=\"\" title=\"\" srcset=\"https:\/\/navicom.fi\/wp-content\/uploads\/2023\/08\/marko2.jpg 1000w, https:\/\/navicom.fi\/wp-content\/uploads\/2023\/08\/marko2-300x300.jpg 300w, https:\/\/navicom.fi\/wp-content\/uploads\/2023\/08\/marko2-150x150.jpg 150w, https:\/\/navicom.fi\/wp-content\/uploads\/2023\/08\/marko2-768x768.jpg 768w\" sizes=\"auto, (max-width: 1000px) 100vw, 1000px\" \/><\/div><div class=\"wp-block-getwid-person__content-wrapper\"><span class=\"wp-block-getwid-person__title\">Marko Lokkila<\/span><span class=\"wp-block-getwid-person__subtitle\">Tuotekehitys<\/span><p class=\"wp-block-getwid-person__content\"><a href=\"mailto:marko@navicom.fi\">marko@navicom.fi<\/a><\/p>\n<div class=\"wp-block-getwid-social-links has-default-spacing\"><ul class=\"wp-block-getwid-social-links__list getwid-justify-content-center\"><\/ul><\/div>\n<\/div><\/div>\n<\/div>\n<\/div>\n\n\n<style>.wp-block-kadence-image.kb-image718_a0b3c0-05:not(.kb-specificity-added):not(.kb-extra-specificity-added){margin-top:50px;}.kb-image718_a0b3c0-05 .kb-image-has-overlay:after{opacity:0.3;border-top-left-radius:30px;border-top-right-radius:30px;border-bottom-right-radius:30px;border-bottom-left-radius:30px;}.kb-image718_a0b3c0-05 img.kb-img, .kb-image718_a0b3c0-05 .kb-img img{border-top-left-radius:30px;border-top-right-radius:30px;border-bottom-right-radius:30px;border-bottom-left-radius:30px;box-shadow:0px 0px 14px 0px rgba(0, 0, 0, 0.2);}<\/style>\n<div class=\"wp-block-kadence-image kb-image718_a0b3c0-05\"><figure class=\"aligncenter size-large\"><img loading=\"lazy\" decoding=\"async\" width=\"1024\" height=\"549\" src=\"https:\/\/navicom.fi\/wp-content\/uploads\/2023\/08\/Ryhmakuva-1024x549.jpg\" alt=\"\" class=\"kb-img wp-image-7537\" title=\"\" srcset=\"https:\/\/navicom.fi\/wp-content\/uploads\/2023\/08\/Ryhmakuva-1024x549.jpg 1024w, https:\/\/navicom.fi\/wp-content\/uploads\/2023\/08\/Ryhmakuva-300x161.jpg 300w, https:\/\/navicom.fi\/wp-content\/uploads\/2023\/08\/Ryhmakuva-768x412.jpg 768w, https:\/\/navicom.fi\/wp-content\/uploads\/2023\/08\/Ryhmakuva.jpg 1119w\" sizes=\"auto, (max-width: 1024px) 100vw, 1024px\" \/><\/figure><\/div>\n<\/div>\n\n\n\n<div id=\"wp-block-themeisle-blocks-advanced-column-6556eeab\" class=\"wp-block-themeisle-blocks-advanced-column\">\n<h5 class=\"wp-block-heading\"><strong>J\u00e4t\u00e4 yhteydenottopyynt\u00f6<\/strong><\/h5>\n\n\n\n<div class=\"wp-block-contact-form-7-contact-form-selector\">[contact-form-7 id=&#8221;13&#8243; title=&#8221;Yhteydenotto&#8221;]<\/div>\n<\/div>\n<\/div><\/div>\n\n\n\n<p><\/p>\n","protected":false},"excerpt":{"rendered":"","protected":false},"author":1,"featured_media":0,"parent":0,"menu_order":0,"comment_status":"closed","ping_status":"closed","template":"","meta":{"content-type":"","footnotes":""},"class_list":["post-718","page","type-page","status-publish","hentry"],"_links":{"self":[{"href":"https:\/\/navicom.fi\/en\/wp-json\/wp\/v2\/pages\/718","targetHints":{"allow":["GET"]}}],"collection":[{"href":"https:\/\/navicom.fi\/en\/wp-json\/wp\/v2\/pages"}],"about":[{"href":"https:\/\/navicom.fi\/en\/wp-json\/wp\/v2\/types\/page"}],"author":[{"embeddable":true,"href":"https:\/\/navicom.fi\/en\/wp-json\/wp\/v2\/users\/1"}],"replies":[{"embeddable":true,"href":"https:\/\/navicom.fi\/en\/wp-json\/wp\/v2\/comments?post=718"}],"version-history":[{"count":77,"href":"https:\/\/navicom.fi\/en\/wp-json\/wp\/v2\/pages\/718\/revisions"}],"predecessor-version":[{"id":14529,"href":"https:\/\/navicom.fi\/en\/wp-json\/wp\/v2\/pages\/718\/revisions\/14529"}],"wp:attachment":[{"href":"https:\/\/navicom.fi\/en\/wp-json\/wp\/v2\/media?parent=718"}],"curies":[{"name":"wp","href":"https:\/\/api.w.org\/{rel}","templated":true}]}}