{"id":5942,"date":"2023-03-28T12:17:35","date_gmt":"2023-03-28T09:17:35","guid":{"rendered":"https:\/\/navicom.fi\/?page_id=5942"},"modified":"2025-11-03T08:23:09","modified_gmt":"2025-11-03T06:23:09","slug":"yhteydenottolomake","status":"publish","type":"page","link":"https:\/\/navicom.fi\/en\/yhteydenottolomake\/","title":{"rendered":"Contact form"},"content":{"rendered":"\n<div id=\"wp-block-themeisle-blocks-advanced-columns-4e43651b\" class=\"wp-block-themeisle-blocks-advanced-columns has-2-columns has-desktop-twoOne-layout has-tablet-equal-layout has-mobile-collapsedRows-layout has-vertical-unset has-default-gap\"><div class=\"wp-block-themeisle-blocks-advanced-columns-overlay\"><\/div><div class=\"innerblocks-wrap\">\n<div id=\"wp-block-themeisle-blocks-advanced-column-54687bf8\" class=\"wp-block-themeisle-blocks-advanced-column\">\n<p>Ota yhteytt\u00e4, niin teemme veloituksettoman tarvekartoituksen ja esittelemme, miten palvelumme voisivat helpottaa juuri teid\u00e4n yrityksenne arkea.<\/p>\n\n\n\n<p>Myyj\u00e4mme k\u00e4y lyhyesti l\u00e4pi tarpeenne ja toimittaa teille tarjouksen juuri teille sopivasta ratkaisusta. Halutessanne voimme my\u00f6s esitell\u00e4 palvelua k\u00e4yt\u00e4nn\u00f6ss\u00e4 tai toimittaa demotunnukset, jotta voitte itse todeta, kuinka helppok\u00e4ytt\u00f6inen ja monipuolinen j\u00e4rjestelm\u00e4 on \u2013 t\u00e4ysin ilman sitoumuksia tai kustannuksia.<\/p>\n\n\n\n<p>Mahdollinen palveluesittely voidaan toteuttaa joustavasti joko et\u00e4yhteydell\u00e4 tai henkil\u00f6kohtaisessa tapaamisessa. N\u00e4yt\u00e4mme, miten j\u00e4rjestelm\u00e4 toimii k\u00e4yt\u00e4nn\u00f6ss\u00e4 ja millaisia ratkaisuja se tarjoaa tarpeistanne riippuen esimerkiksi ajoneuvoseurantaan, ty\u00f6ajanhallintaan ja palkkatulkintoihin.<\/p>\n\n\n\n<figure class=\"wp-block-image size-large\"><img loading=\"lazy\" decoding=\"async\" width=\"1024\" height=\"422\" src=\"https:\/\/navicom.fi\/wp-content\/uploads\/2022\/08\/Uusi-logo-nelio-suorakaide-1024x422.png\" alt=\"\" class=\"wp-image-3349\" title=\"\" srcset=\"https:\/\/navicom.fi\/wp-content\/uploads\/2022\/08\/Uusi-logo-nelio-suorakaide-1024x422.png 1024w, https:\/\/navicom.fi\/wp-content\/uploads\/2022\/08\/Uusi-logo-nelio-suorakaide-300x124.png 300w, https:\/\/navicom.fi\/wp-content\/uploads\/2022\/08\/Uusi-logo-nelio-suorakaide-768x316.png 768w, https:\/\/navicom.fi\/wp-content\/uploads\/2022\/08\/Uusi-logo-nelio-suorakaide-1536x632.png 1536w, https:\/\/navicom.fi\/wp-content\/uploads\/2022\/08\/Uusi-logo-nelio-suorakaide.png 1700w\" sizes=\"auto, (max-width: 1024px) 100vw, 1024px\" \/><\/figure>\n<\/div>\n\n\n\n<div id=\"wp-block-themeisle-blocks-advanced-column-09848a1d\" class=\"wp-block-themeisle-blocks-advanced-column\">\n<div class=\"wp-block-contact-form-7-contact-form-selector ticss-978085f6\">[contact-form-7 id=&#8221;5927&#8243; title=&#8221;Yhteydenotto_lisatiedot&#8221;]<\/div>\n<\/div>\n<\/div><\/div>\n","protected":false},"excerpt":{"rendered":"","protected":false},"author":3,"featured_media":0,"parent":0,"menu_order":0,"comment_status":"closed","ping_status":"closed","template":"","meta":{"content-type":"","footnotes":""},"class_list":["post-5942","page","type-page","status-publish","hentry"],"_links":{"self":[{"href":"https:\/\/navicom.fi\/en\/wp-json\/wp\/v2\/pages\/5942","targetHints":{"allow":["GET"]}}],"collection":[{"href":"https:\/\/navicom.fi\/en\/wp-json\/wp\/v2\/pages"}],"about":[{"href":"https:\/\/navicom.fi\/en\/wp-json\/wp\/v2\/types\/page"}],"author":[{"embeddable":true,"href":"https:\/\/navicom.fi\/en\/wp-json\/wp\/v2\/users\/3"}],"replies":[{"embeddable":true,"href":"https:\/\/navicom.fi\/en\/wp-json\/wp\/v2\/comments?post=5942"}],"version-history":[{"count":6,"href":"https:\/\/navicom.fi\/en\/wp-json\/wp\/v2\/pages\/5942\/revisions"}],"predecessor-version":[{"id":13020,"href":"https:\/\/navicom.fi\/en\/wp-json\/wp\/v2\/pages\/5942\/revisions\/13020"}],"wp:attachment":[{"href":"https:\/\/navicom.fi\/en\/wp-json\/wp\/v2\/media?parent=5942"}],"curies":[{"name":"wp","href":"https:\/\/api.w.org\/{rel}","templated":true}]}}