{"id":2514,"date":"2022-01-21T15:42:32","date_gmt":"2022-01-21T13:42:32","guid":{"rendered":"https:\/\/navicom.fi\/?page_id=2514"},"modified":"2026-02-20T15:33:08","modified_gmt":"2026-02-20T13:33:08","slug":"otayhteytta","status":"publish","type":"page","link":"https:\/\/navicom.fi\/en\/otayhteytta\/","title":{"rendered":"Leave a contact request New"},"content":{"rendered":"\n<div id=\"wp-block-themeisle-blocks-advanced-columns-4e43651b\" class=\"wp-block-themeisle-blocks-advanced-columns has-2-columns has-desktop-twoOne-layout has-tablet-equal-layout has-mobile-collapsedRows-layout has-vertical-unset has-default-gap\"><div class=\"wp-block-themeisle-blocks-advanced-columns-overlay\"><\/div><div class=\"innerblocks-wrap\">\n<div id=\"wp-block-themeisle-blocks-advanced-column-54687bf8\" class=\"wp-block-themeisle-blocks-advanced-column\">\n<p>Ota yhteytt\u00e4, niin kartoitamme veloituksetta yrityksenne tarpeet ja toimitamme teille tarjouksen.<\/p>\n\n\n\n<p>Tarvekartoituksessa myyj\u00e4mme k\u00e4y kanssanne lyhyesti l\u00e4pi pavelutarpeenne ja toimittaa tarjouksen juuri teille sopivasta ratkaisusta. Voimme my\u00f6s j\u00e4rjest\u00e4\u00e4 teille palveluesittelyn sek\u00e4 toimittaa Navisystem-demotunnukset, jotta voitte itse tutustua j\u00e4rjestelm\u00e4\u00e4n ja todeta, kuinka helppok\u00e4ytt\u00f6inen ja monipuolinen se on \u2013 t\u00e4ysin ilman sitoumuksia tai kustannuksia.<\/p>\n\n\n\n<p>Mahdollinen palveluesittely voidaan toteuttaa joustavasti joko et\u00e4yhteydell\u00e4 tai henkil\u00f6kohtaisessa tapaamisessa. N\u00e4yt\u00e4mme k\u00e4yt\u00e4nn\u00f6ss\u00e4, miten j\u00e4rjestelm\u00e4 toimii ja millaisia ratkaisuja se tarjoaa tarpeidenne mukaan esimerkiksi ajoneuvoseurantaan, ty\u00f6ajanhallintaan ja palkkatulkintoihin.<\/p>\n\n\n\n<figure class=\"wp-block-image size-large\"><img loading=\"lazy\" decoding=\"async\" width=\"1024\" height=\"422\" src=\"https:\/\/navicom.fi\/wp-content\/uploads\/2022\/08\/Uusi-logo-nelio-suorakaide-1024x422.png\" alt=\"\" class=\"wp-image-3349\" title=\"\" srcset=\"https:\/\/navicom.fi\/wp-content\/uploads\/2022\/08\/Uusi-logo-nelio-suorakaide-1024x422.png 1024w, https:\/\/navicom.fi\/wp-content\/uploads\/2022\/08\/Uusi-logo-nelio-suorakaide-300x124.png 300w, https:\/\/navicom.fi\/wp-content\/uploads\/2022\/08\/Uusi-logo-nelio-suorakaide-768x316.png 768w, https:\/\/navicom.fi\/wp-content\/uploads\/2022\/08\/Uusi-logo-nelio-suorakaide-1536x632.png 1536w, https:\/\/navicom.fi\/wp-content\/uploads\/2022\/08\/Uusi-logo-nelio-suorakaide.png 1700w\" sizes=\"auto, (max-width: 1024px) 100vw, 1024px\" \/><\/figure>\n<\/div>\n\n\n\n<div id=\"wp-block-themeisle-blocks-advanced-column-09848a1d\" class=\"wp-block-themeisle-blocks-advanced-column\">\n<div class=\"wp-block-contact-form-7-contact-form-selector ticss-978085f6\">[contact-form-7 id=&#8221;13&#8243; title=&#8221;Yhteydenotto&#8221;]<\/div>\n<\/div>\n<\/div><\/div>\n","protected":false},"excerpt":{"rendered":"","protected":false},"author":3,"featured_media":0,"parent":0,"menu_order":0,"comment_status":"closed","ping_status":"closed","template":"","meta":{"content-type":"","footnotes":""},"class_list":["post-2514","page","type-page","status-publish","hentry"],"_links":{"self":[{"href":"https:\/\/navicom.fi\/en\/wp-json\/wp\/v2\/pages\/2514","targetHints":{"allow":["GET"]}}],"collection":[{"href":"https:\/\/navicom.fi\/en\/wp-json\/wp\/v2\/pages"}],"about":[{"href":"https:\/\/navicom.fi\/en\/wp-json\/wp\/v2\/types\/page"}],"author":[{"embeddable":true,"href":"https:\/\/navicom.fi\/en\/wp-json\/wp\/v2\/users\/3"}],"replies":[{"embeddable":true,"href":"https:\/\/navicom.fi\/en\/wp-json\/wp\/v2\/comments?post=2514"}],"version-history":[{"count":13,"href":"https:\/\/navicom.fi\/en\/wp-json\/wp\/v2\/pages\/2514\/revisions"}],"predecessor-version":[{"id":14439,"href":"https:\/\/navicom.fi\/en\/wp-json\/wp\/v2\/pages\/2514\/revisions\/14439"}],"wp:attachment":[{"href":"https:\/\/navicom.fi\/en\/wp-json\/wp\/v2\/media?parent=2514"}],"curies":[{"name":"wp","href":"https:\/\/api.w.org\/{rel}","templated":true}]}}