{"id":2214,"date":"2021-10-19T08:41:48","date_gmt":"2021-10-19T05:41:48","guid":{"rendered":"https:\/\/navicom.fi\/?page_id=2214"},"modified":"2026-02-10T17:39:45","modified_gmt":"2026-02-10T15:39:45","slug":"liukuva-tyoaika","status":"publish","type":"page","link":"https:\/\/navicom.fi\/en\/liukuva-tyoaika\/","title":{"rendered":"Liukuva ty\u00f6aika Uusi"},"content":{"rendered":"\n<div id=\"wp-block-themeisle-blocks-advanced-columns-dfba7020\" class=\"wp-block-themeisle-blocks-advanced-columns alignfull has-2-columns has-desktop-twoOne-layout has-tablet-equal-layout has-mobile-collapsedRows-layout has-vertical-unset\"><div class=\"wp-block-themeisle-blocks-advanced-columns-overlay\"><\/div><div class=\"innerblocks-wrap\">\n<div id=\"wp-block-themeisle-blocks-advanced-column-48fb7f15\" class=\"wp-block-themeisle-blocks-advanced-column\">\n<h1 id=\"wp-block-themeisle-blocks-advanced-heading-356f5b71\" class=\"wp-block-themeisle-blocks-advanced-heading wp-block-themeisle-blocks-advanced-heading-356f5b71 ticss-2ca4b78e\">Liukuva ty\u00f6aika<\/h1>\n\n\n<style>.wp-block-kadence-advancedheading.kt-adv-heading_56b8ba-d1, .wp-block-kadence-advancedheading.kt-adv-heading_56b8ba-d1[data-kb-block=\"kb-adv-heading_56b8ba-d1\"]{font-weight:400;font-style:normal;font-family:'Fira Sans';}.wp-block-kadence-advancedheading.kt-adv-heading_56b8ba-d1 mark.kt-highlight, .wp-block-kadence-advancedheading.kt-adv-heading_56b8ba-d1[data-kb-block=\"kb-adv-heading_56b8ba-d1\"] mark.kt-highlight{font-style:normal;color:#f76a0c;-webkit-box-decoration-break:clone;box-decoration-break:clone;padding-top:0px;padding-right:0px;padding-bottom:0px;padding-left:0px;}.wp-block-kadence-advancedheading.kt-adv-heading_56b8ba-d1 img.kb-inline-image, .wp-block-kadence-advancedheading.kt-adv-heading_56b8ba-d1[data-kb-block=\"kb-adv-heading_56b8ba-d1\"] img.kb-inline-image{width:150px;vertical-align:baseline;}<\/style>\n<p class=\"kt-adv-heading_56b8ba-d1 ticss-7c2ef3fd wp-block-kadence-advancedheading\" data-kb-block=\"kb-adv-heading_56b8ba-d1\">Liukuva ty\u00f6aika k\u00e4ytt\u00f6\u00f6n ty\u00f6ntekij\u00f6ille.<\/p>\n\n\n\n<div class=\"wp-block-columns is-layout-flex wp-container-core-columns-is-layout-9d6595d7 wp-block-columns-is-layout-flex\">\n<div class=\"wp-block-column is-layout-flow wp-block-column-is-layout-flow\"><\/div>\n<\/div>\n<\/div>\n\n\n\n<div id=\"wp-block-themeisle-blocks-advanced-column-2a247f28\" class=\"wp-block-themeisle-blocks-advanced-column\">\n<figure class=\"wp-block-image size-medium is-style-rounded\"><img loading=\"lazy\" decoding=\"async\" width=\"300\" height=\"300\" src=\"https:\/\/navicom.fi\/wp-content\/uploads\/2022\/08\/Uusi-logo-nelio-1700px-300x300.png\" alt=\"\" class=\"wp-image-3315\" title=\"\" srcset=\"https:\/\/navicom.fi\/wp-content\/uploads\/2022\/08\/Uusi-logo-nelio-1700px-300x300.png 300w, https:\/\/navicom.fi\/wp-content\/uploads\/2022\/08\/Uusi-logo-nelio-1700px-1024x1024.png 1024w, https:\/\/navicom.fi\/wp-content\/uploads\/2022\/08\/Uusi-logo-nelio-1700px-150x150.png 150w, https:\/\/navicom.fi\/wp-content\/uploads\/2022\/08\/Uusi-logo-nelio-1700px-768x768.png 768w, https:\/\/navicom.fi\/wp-content\/uploads\/2022\/08\/Uusi-logo-nelio-1700px-1536x1536.png 1536w, https:\/\/navicom.fi\/wp-content\/uploads\/2022\/08\/Uusi-logo-nelio-1700px.png 1700w\" sizes=\"auto, (max-width: 300px) 100vw, 300px\" \/><\/figure>\n<\/div>\n<\/div><\/div>\n\n\n\n<div id=\"wp-block-themeisle-blocks-advanced-columns-4b985d62\" class=\"wp-block-themeisle-blocks-advanced-columns alignfull has-1-columns has-desktop-twoOne-layout has-tablet-equal-layout has-mobile-collapsedRows-layout has-vertical-unset\"><div class=\"wp-block-themeisle-blocks-advanced-columns-overlay\"><\/div><div class=\"innerblocks-wrap\">\n<div id=\"wp-block-themeisle-blocks-advanced-column-87e5b6f1\" class=\"wp-block-themeisle-blocks-advanced-column\">\n<div id=\"section-ga23405\" class=\"wp-block-gutentor-e1 alignfull section-ga23405 gutentor-element gutentor-element-advanced-text\"><div class=\"gutentor-text-wrap\"><p class=\"gutentor-text\"><strong><a href=\"https:\/\/navicom.fi\/\">Navicom<\/a> &gt; <a href=\"https:\/\/navicom.fi\/palvelut\/\">Palvelut<\/a> &gt; <a href=\"https:\/\/navicom.fi\/tyoajanseuranta\/\" data-type=\"page\" data-id=\"756\">Ty\u00f6ajanseuranta <\/a>&gt;<\/strong> <a href=\"https:\/\/navicom.fi\/liukuva-tyoaika\/\" data-type=\"page\" data-id=\"2214\"><strong>Liukuva ty\u00f6aika<\/strong><\/a><\/p><\/div><\/div>\n<\/div>\n<\/div><\/div>\n\n\n\n<div id=\"wp-block-themeisle-blocks-advanced-columns-67f6c101\" class=\"wp-block-themeisle-blocks-advanced-columns alignfull has-2-columns has-desktop-twoOne-layout has-tablet-equal-layout has-mobile-collapsedRows-layout has-vertical-unset\"><div class=\"wp-block-themeisle-blocks-advanced-columns-overlay\"><\/div><div class=\"innerblocks-wrap\">\n<div id=\"wp-block-themeisle-blocks-advanced-column-c28b4d14\" class=\"wp-block-themeisle-blocks-advanced-column\">\n<h2 id=\"wp-block-themeisle-blocks-advanced-heading-76caceab\" class=\"wp-block-themeisle-blocks-advanced-heading wp-block-themeisle-blocks-advanced-heading-76caceab\">Liukuva ty\u00f6aika<\/h2>\n\n\n\n<p>Navisystem tukee liukuvaa ty\u00f6aikaa. Liukumasaldo el\u00e4\u00e4 k\u00e4ytt\u00e4j\u00e4n ty\u00f6skentelyn mukaisesti. Jos k\u00e4ytt\u00e4j\u00e4 tekee p\u00e4iv\u00e4n aikana enemm\u00e4n tunteja kuin normaali ty\u00f6aika on, saldo kasvaa.  Ja vastaavasti saldo v\u00e4henee mik\u00e4li p\u00e4iv\u00e4n ty\u00f6aika alittaa normaalin ty\u00f6ajan. K\u00e4ytt\u00e4j\u00e4 n\u00e4kee mobiilipalvelun kautta oman muuttuvan liukumasaldonsa. Hallintok\u00e4ytt\u00e4j\u00e4 voi tarkastella kaikkien k\u00e4ytt\u00e4jien saldoja hallinnointin\u00e4kym\u00e4n kautta.<\/p>\n\n\n\n<div class=\"wp-block-columns is-layout-flex wp-container-core-columns-is-layout-9d6595d7 wp-block-columns-is-layout-flex\">\n<div class=\"wp-block-column is-vertically-aligned-center is-layout-flow wp-block-column-is-layout-flow\" style=\"flex-basis:66.66%\"><style>.wp-block-kadence-iconlist.kt-svg-icon-list-items_d3fb4c-b8:not(.this-stops-third-party-issues){margin-top:0px;margin-bottom:0px;}.wp-block-kadence-iconlist.kt-svg-icon-list-items_d3fb4c-b8 ul.kt-svg-icon-list:not(.this-prevents-issues):not(.this-stops-third-party-issues):not(.tijsloc){margin-top:0px;margin-right:0px;margin-bottom:var(--global-kb-spacing-sm, 1.5rem);margin-left:0px;}.wp-block-kadence-iconlist.kt-svg-icon-list-items_d3fb4c-b8 ul.kt-svg-icon-list{grid-row-gap:5px;}.wp-block-kadence-iconlist.kt-svg-icon-list-items_d3fb4c-b8 .kb-svg-icon-wrap{color:#1368fe;}.wp-block-kadence-iconlist.kt-svg-icon-list-items_d3fb4c-b8 ul.kt-svg-icon-list .kt-svg-icon-list-item-wrap .kt-svg-icon-list-single{margin-right:10px;}.kt-svg-icon-list-items_d3fb4c-b8 ul.kt-svg-icon-list .kt-svg-icon-list-level-0 .kt-svg-icon-list-single svg{font-size:20px;}<\/style>\n<div class=\"wp-block-kadence-iconlist kt-svg-icon-list-items kt-svg-icon-list-items_d3fb4c-b8 kt-svg-icon-list-columns-1 alignnone kt-list-icon-aligntop\"><ul class=\"kt-svg-icon-list\"><style>.kt-svg-icon-list-item-_a9f8dc-a2 .kt-svg-icon-list-text mark.kt-highlight{background-color:unset;font-style:normal;color:#f76a0c;-webkit-box-decoration-break:clone;box-decoration-break:clone;padding-top:0px;padding-right:0px;padding-bottom:0px;padding-left:0px;}<\/style>\n<li class=\"wp-block-kadence-listitem kt-svg-icon-list-item-wrap kt-svg-icon-list-item-_a9f8dc-a2\"><span class=\"kb-svg-icon-wrap kb-svg-icon-fe_checkCircle kt-svg-icon-list-single\"><svg viewBox=\"0 0 24 24\"  fill=\"none\" stroke=\"currentColor\" stroke-width=\"2\" stroke-linecap=\"round\" stroke-linejoin=\"round\" xmlns=\"http:\/\/www.w3.org\/2000\/svg\"  aria-hidden=\"true\"><path d=\"M22 11.08V12a10 10 0 1 1-5.93-9.14\"\/><polyline points=\"22 4 12 14.01 9 11.01\"\/><\/svg><\/span><span class=\"kt-svg-icon-list-text\"><strong>R\u00e4\u00e4t\u00e4l\u00f6it\u00e4v\u00e4t liukuma-asetukset<\/strong>. Liukuma-asetukset voidaan m\u00e4\u00e4ritt\u00e4\u00e4 ty\u00f6ntekij\u00e4ryhmille erikseen. Ty\u00f6ehtosopimukseen sis\u00e4ltyv\u00e4t tai erikseen sovitut erikoistapaukset, kuten arkipyh\u00e4t ja ylity\u00f6t, voidaan ottaa huomioon laskennassa.<\/span><\/li>\n\n\n<style>.kt-svg-icon-list-item-_d38070-49 .kt-svg-icon-list-text mark.kt-highlight{background-color:unset;font-style:normal;color:#f76a0c;-webkit-box-decoration-break:clone;box-decoration-break:clone;padding-top:0px;padding-right:0px;padding-bottom:0px;padding-left:0px;}<\/style>\n<li class=\"wp-block-kadence-listitem kt-svg-icon-list-item-wrap kt-svg-icon-list-item-_d38070-49\"><span class=\"kb-svg-icon-wrap kb-svg-icon-fe_checkCircle kt-svg-icon-list-single\"><svg viewBox=\"0 0 24 24\"  fill=\"none\" stroke=\"currentColor\" stroke-width=\"2\" stroke-linecap=\"round\" stroke-linejoin=\"round\" xmlns=\"http:\/\/www.w3.org\/2000\/svg\"  aria-hidden=\"true\"><path d=\"M22 11.08V12a10 10 0 1 1-5.93-9.14\"\/><polyline points=\"22 4 12 14.01 9 11.01\"\/><\/svg><\/span><span class=\"kt-svg-icon-list-text\"><strong>Liukumasaldon rajat. <\/strong>Liukumasaldolle voidaan asettaa yl\u00e4rajat ja alarajat, joiden l\u00e4hestyess\u00e4 k\u00e4ytt\u00e4j\u00e4lle n\u00e4ytet\u00e4\u00e4n varoituksia.<\/span><\/li>\n\n\n<style>.kt-svg-icon-list-item-_fbd608-13 .kt-svg-icon-list-text mark.kt-highlight{background-color:unset;font-style:normal;color:#f76a0c;-webkit-box-decoration-break:clone;box-decoration-break:clone;padding-top:0px;padding-right:0px;padding-bottom:0px;padding-left:0px;}<\/style>\n<li class=\"wp-block-kadence-listitem kt-svg-icon-list-item-wrap kt-svg-icon-list-item-_fbd608-13\"><span class=\"kb-svg-icon-wrap kb-svg-icon-fe_checkCircle kt-svg-icon-list-single\"><svg viewBox=\"0 0 24 24\"  fill=\"none\" stroke=\"currentColor\" stroke-width=\"2\" stroke-linecap=\"round\" stroke-linejoin=\"round\" xmlns=\"http:\/\/www.w3.org\/2000\/svg\"  aria-hidden=\"true\"><path d=\"M22 11.08V12a10 10 0 1 1-5.93-9.14\"\/><polyline points=\"22 4 12 14.01 9 11.01\"\/><\/svg><\/span><span class=\"kt-svg-icon-list-text\"><strong>Liukumapoissaolot<\/strong>. Navisystem tukee liukumapoissaoloja. Liukumasaldoa voidaan k\u00e4ytt\u00e4\u00e4 vapaisiin jos yritys sallii t\u00e4m\u00e4n ty\u00f6ntekij\u00f6illeen.<\/span><\/li>\n\n\n<style>.kt-svg-icon-list-item-_af945c-ee .kt-svg-icon-list-text mark.kt-highlight{background-color:unset;font-style:normal;color:#f76a0c;-webkit-box-decoration-break:clone;box-decoration-break:clone;padding-top:0px;padding-right:0px;padding-bottom:0px;padding-left:0px;}<\/style>\n<li class=\"wp-block-kadence-listitem kt-svg-icon-list-item-wrap kt-svg-icon-list-item-_af945c-ee\"><span class=\"kb-svg-icon-wrap kb-svg-icon-fe_checkCircle kt-svg-icon-list-single\"><svg viewBox=\"0 0 24 24\"  fill=\"none\" stroke=\"currentColor\" stroke-width=\"2\" stroke-linecap=\"round\" stroke-linejoin=\"round\" xmlns=\"http:\/\/www.w3.org\/2000\/svg\"  aria-hidden=\"true\"><path d=\"M22 11.08V12a10 10 0 1 1-5.93-9.14\"\/><polyline points=\"22 4 12 14.01 9 11.01\"\/><\/svg><\/span><span class=\"kt-svg-icon-list-text\"><strong>Saldojen tarkastelu keskitetyn hallinnointin\u00e4kym\u00e4n kautta. <\/strong>Hallintok\u00e4ytt\u00e4j\u00e4 voi tarkastella kaikkien k\u00e4ytt\u00e4jien liukumasaldoja hallinnointin\u00e4kym\u00e4n kautta.<\/span><\/li>\n\n\n<style>.kt-svg-icon-list-item-_7d9a3f-d1 .kt-svg-icon-list-text mark.kt-highlight{background-color:unset;font-style:normal;color:#f76a0c;-webkit-box-decoration-break:clone;box-decoration-break:clone;padding-top:0px;padding-right:0px;padding-bottom:0px;padding-left:0px;}<\/style>\n<li class=\"wp-block-kadence-listitem kt-svg-icon-list-item-wrap kt-svg-icon-list-item-_7d9a3f-d1\"><span class=\"kb-svg-icon-wrap kb-svg-icon-fe_checkCircle kt-svg-icon-list-single\"><svg viewBox=\"0 0 24 24\"  fill=\"none\" stroke=\"currentColor\" stroke-width=\"2\" stroke-linecap=\"round\" stroke-linejoin=\"round\" xmlns=\"http:\/\/www.w3.org\/2000\/svg\"  aria-hidden=\"true\"><path d=\"M22 11.08V12a10 10 0 1 1-5.93-9.14\"\/><polyline points=\"22 4 12 14.01 9 11.01\"\/><\/svg><\/span><span class=\"kt-svg-icon-list-text\"><strong>Liukumasaldon muutoshistoria<\/strong>. K\u00e4ytt\u00e4j\u00e4 voi tarkastella verkkopalvelun kautta p\u00e4iv\u00e4kohtaisesti, miten saldo on kehittynyt. My\u00f6s hallintok\u00e4ytt\u00e4j\u00e4 n\u00e4kee k\u00e4ytt\u00e4jien liukumasaldon muutoshistorian.<\/span><\/li>\n<\/ul><\/div>\n<\/div>\n\n\n\n<div class=\"wp-block-column is-layout-flow wp-block-column-is-layout-flow\" style=\"flex-basis:33.33%\">\n<figure class=\"wp-block-image size-large is-resized\"><img loading=\"lazy\" decoding=\"async\" src=\"https:\/\/navicom.fi\/wp-content\/uploads\/2021\/10\/liukumasaldo-puhelimella-497x1024.png\" alt=\"Mobiili ty\u00f6ajanseurantapalvelussa n\u00e4kyy liukumasaldo.\" class=\"wp-image-2220\" width=\"264\" height=\"544\" title=\"\" srcset=\"https:\/\/navicom.fi\/wp-content\/uploads\/2021\/10\/liukumasaldo-puhelimella-497x1024.png 497w, https:\/\/navicom.fi\/wp-content\/uploads\/2021\/10\/liukumasaldo-puhelimella-146x300.png 146w, https:\/\/navicom.fi\/wp-content\/uploads\/2021\/10\/liukumasaldo-puhelimella-768x1581.png 768w, https:\/\/navicom.fi\/wp-content\/uploads\/2021\/10\/liukumasaldo-puhelimella-746x1536.png 746w, https:\/\/navicom.fi\/wp-content\/uploads\/2021\/10\/liukumasaldo-puhelimella-995x2048.png 995w, https:\/\/navicom.fi\/wp-content\/uploads\/2021\/10\/liukumasaldo-puhelimella.png 1554w\" sizes=\"auto, (max-width: 264px) 100vw, 264px\" \/><\/figure>\n<\/div>\n<\/div>\n<\/div>\n\n\n\n<div id=\"wp-block-themeisle-blocks-advanced-column-7e052e46\" class=\"wp-block-themeisle-blocks-advanced-column\">\n<h3 class=\"wp-block-heading\">Ota yhteytt\u00e4<\/h3>\n\n\n\n<div class=\"wp-block-contact-form-7-contact-form-selector\">[contact-form-7 id=&#8221;13&#8243; title=&#8221;Yhteydenotto&#8221;]<\/div>\n<\/div>\n<\/div><\/div>\n\n\n\n<div id=\"wp-block-themeisle-blocks-advanced-columns-727b5ff6\" class=\"wp-block-themeisle-blocks-advanced-columns alignfull has-2-columns has-desktop-equal-layout has-tablet-equal-layout has-mobile-collapsedRows-layout has-vertical-unset\"><div class=\"wp-block-themeisle-blocks-advanced-columns-overlay\"><\/div><div class=\"innerblocks-wrap\">\n<div id=\"wp-block-themeisle-blocks-advanced-column-49f937b8\" class=\"wp-block-themeisle-blocks-advanced-column\">\n<h4 id=\"wp-block-themeisle-blocks-advanced-heading-1aeded83\" class=\"wp-block-themeisle-blocks-advanced-heading wp-block-themeisle-blocks-advanced-heading-1aeded83\"><strong><strong><strong><strong><strong>Toimiva kokonaisuus<\/strong><\/strong><\/strong><\/strong><\/strong><\/h4>\n\n\n\n<h2 id=\"wp-block-themeisle-blocks-advanced-heading-1585f6c6\" class=\"wp-block-themeisle-blocks-advanced-heading wp-block-themeisle-blocks-advanced-heading-1585f6c6\">Joustava ja helposti r\u00e4\u00e4t\u00e4l\u00f6it\u00e4v\u00e4 palvelu<\/h2>\n\n\n\n<p class=\"has-text-align-left\">Asiakkaamme ovat olleet erityisen tyytyv\u00e4isi\u00e4 palveluidemme joustavuuteen, eri tuntikirjaustapoja voidaan yhdistell\u00e4 tarpeiden mukaan ja niit\u00e4 voidaan k\u00e4ytt\u00e4\u00e4 samanaikaisesti.<\/p>\n<\/div>\n\n\n\n<div id=\"wp-block-themeisle-blocks-advanced-column-374a726b\" class=\"wp-block-themeisle-blocks-advanced-column\">\n<figure class=\"wp-block-image size-large is-resized ticss-30d9d4ba\"><img loading=\"lazy\" decoding=\"async\" src=\"https:\/\/navicom.fi\/wp-content\/uploads\/2021\/09\/asiakaspalvelu-700px-1024x683.jpg\" alt=\"\" class=\"wp-image-1635\" width=\"380\" height=\"253\" title=\"\" srcset=\"https:\/\/navicom.fi\/wp-content\/uploads\/2021\/09\/asiakaspalvelu-700px-1024x683.jpg 1024w, https:\/\/navicom.fi\/wp-content\/uploads\/2021\/09\/asiakaspalvelu-700px-300x200.jpg 300w, https:\/\/navicom.fi\/wp-content\/uploads\/2021\/09\/asiakaspalvelu-700px-768x512.jpg 768w, https:\/\/navicom.fi\/wp-content\/uploads\/2021\/09\/asiakaspalvelu-700px-930x620.jpg 930w, https:\/\/navicom.fi\/wp-content\/uploads\/2021\/09\/asiakaspalvelu-700px.jpg 1050w\" sizes=\"auto, (max-width: 380px) 100vw, 380px\" \/><\/figure>\n<\/div>\n<\/div><\/div>\n\n\n\n<div id=\"wp-block-themeisle-blocks-advanced-columns-e3a7e037\" class=\"wp-block-themeisle-blocks-advanced-columns alignfull has-2-columns has-desktop-equal-layout has-tablet-equal-layout has-mobile-collapsedRows-layout has-vertical-center has-default-gap has-light-bg\"><div class=\"wp-block-themeisle-blocks-advanced-columns-overlay\"><\/div><div class=\"innerblocks-wrap\">\n<div id=\"wp-block-themeisle-blocks-advanced-column-5feb9669\" class=\"wp-block-themeisle-blocks-advanced-column\">\n<h4 id=\"wp-block-themeisle-blocks-advanced-heading-e4cb0279\" class=\"wp-block-themeisle-blocks-advanced-heading wp-block-themeisle-blocks-advanced-heading-e4cb0279\"><strong><strong><strong>K\u00e4ytt\u00f6\u00f6otto p\u00e4iv\u00e4ss\u00e4<\/strong><\/strong><\/strong><\/h4>\n\n\n\n<h2 id=\"wp-block-themeisle-blocks-advanced-heading-7a45dc01\" class=\"wp-block-themeisle-blocks-advanced-heading wp-block-themeisle-blocks-advanced-heading-7a45dc01\">K\u00e4ytt\u00f6\u00f6notto ja asiakaspalvelu<\/h2>\n\n\n\n<p>J\u00e4rjestelm\u00e4 on mahdollista ottaa k\u00e4ytt\u00f6\u00f6n jopa yhdess\u00e4 p\u00e4iv\u00e4ss\u00e4. Autamme mielell\u00e4mme asiakkaitamme j\u00e4rjestelm\u00e4n k\u00e4yt\u00f6ss\u00e4 ja k\u00e4ytt\u00f6\u00f6notossa. Asiantuntijamme haluavat palvella jokaista asiakastamme henkil\u00f6kohtaisesti ja kiirehtim\u00e4tt\u00e4. Voit lukea lis\u00e4\u00e4 k\u00e4ytt\u00f6tuestamme t\u00e4\u00e4lt\u00e4.<\/p>\n\n\n\n<p>Ota yhteytt\u00e4, niin kerromme lis\u00e4\u00e4 k\u00e4ytt\u00f6\u00f6notosta ja saat testitunnukset kokeiltavaksi!<\/p>\n\n\n\n<div style=\"height:20px\" aria-hidden=\"true\" class=\"wp-block-spacer\"><\/div>\n\n\n\n<div id=\"wp-block-themeisle-blocks-button-group-c3692681\" class=\"wp-block-themeisle-blocks-button-group wp-block-buttons align-center\">\n<div id=\"wp-block-themeisle-blocks-button-3cd13cd1\" class=\"wp-block-themeisle-blocks-button wp-block-button\"><a href=\"\/testaa-palveluitamme-veloituksetta\" target=\"_self\" rel=\"noopener noreferrer\" class=\"wp-block-button__link\"><span>Ota yhteytt\u00e4<\/span><\/a><\/div>\n<\/div>\n<\/div>\n\n\n\n<div id=\"wp-block-themeisle-blocks-advanced-column-21075310\" class=\"wp-block-themeisle-blocks-advanced-column ticss-8e4b0f18\">\n<figure class=\"wp-block-image size-large is-style-default\"><img loading=\"lazy\" decoding=\"async\" width=\"1024\" height=\"683\" src=\"https:\/\/navicom.fi\/wp-content\/uploads\/2021\/04\/nainen-katsoo-puhelinta-scaled-1024x683.jpg\" alt=\"\" class=\"wp-image-767\" title=\"\" srcset=\"https:\/\/navicom.fi\/wp-content\/uploads\/2021\/04\/nainen-katsoo-puhelinta-scaled-1024x683.jpg 1024w, https:\/\/navicom.fi\/wp-content\/uploads\/2021\/04\/nainen-katsoo-puhelinta-scaled-300x200.jpg 300w, https:\/\/navicom.fi\/wp-content\/uploads\/2021\/04\/nainen-katsoo-puhelinta-scaled-768x512.jpg 768w, https:\/\/navicom.fi\/wp-content\/uploads\/2021\/04\/nainen-katsoo-puhelinta-scaled-1536x1024.jpg 1536w, https:\/\/navicom.fi\/wp-content\/uploads\/2021\/04\/nainen-katsoo-puhelinta-scaled-2048x1366.jpg 2048w, https:\/\/navicom.fi\/wp-content\/uploads\/2021\/04\/nainen-katsoo-puhelinta-scaled-930x620.jpg 930w\" sizes=\"auto, (max-width: 1024px) 100vw, 1024px\" \/><\/figure>\n<\/div>\n<\/div><\/div>\n\n\n\n<div id=\"wp-block-themeisle-blocks-advanced-columns-0851e33d\" class=\"wp-block-themeisle-blocks-advanced-columns alignfull has-1-columns has-desktop-equal-layout has-tablet-equal-layout has-mobile-equal-layout has-vertical-unset\"><div class=\"wp-block-themeisle-blocks-advanced-columns-overlay\"><\/div><div class=\"innerblocks-wrap\">\n<div id=\"wp-block-themeisle-blocks-advanced-column-56e0874a\" class=\"wp-block-themeisle-blocks-advanced-column\">\n<h2 id=\"wp-block-themeisle-blocks-advanced-heading-6814731e\" class=\"wp-block-themeisle-blocks-advanced-heading wp-block-themeisle-blocks-advanced-heading-6814731e\">Katso my\u00f6s<\/h2>\n<\/div>\n<\/div><\/div>\n\n\n\n<div id=\"wp-block-themeisle-blocks-advanced-columns-35abd484\" class=\"wp-block-themeisle-blocks-advanced-columns alignfull has-3-columns has-desktop-equal-layout has-tablet-equal-layout has-mobile-collapsedRows-layout has-vertical-unset\"><div class=\"wp-block-themeisle-blocks-advanced-columns-overlay\"><\/div><div class=\"innerblocks-wrap\">\n<div id=\"wp-block-themeisle-blocks-advanced-column-a56ed5d4\" class=\"wp-block-themeisle-blocks-advanced-column\">\n<figure class=\"wp-block-image size-full\"><img loading=\"lazy\" decoding=\"async\" width=\"500\" height=\"350\" src=\"https:\/\/navicom.fi\/wp-content\/uploads\/2022\/02\/mobiili-tyoajanseuranta-linkkikuva.jpg\" alt=\"\" class=\"wp-image-2701\" title=\"\" srcset=\"https:\/\/navicom.fi\/wp-content\/uploads\/2022\/02\/mobiili-tyoajanseuranta-linkkikuva.jpg 500w, https:\/\/navicom.fi\/wp-content\/uploads\/2022\/02\/mobiili-tyoajanseuranta-linkkikuva-300x210.jpg 300w\" sizes=\"auto, (max-width: 500px) 100vw, 500px\" \/><\/figure>\n\n\n\n<h3 id=\"wp-block-themeisle-blocks-advanced-heading-1241088c\" class=\"wp-block-themeisle-blocks-advanced-heading wp-block-themeisle-blocks-advanced-heading-1241088c\">Ty\u00f6ajanseuranta k\u00e4nnyk\u00e4ll\u00e4<\/h3>\n\n\n\n<p>Monipuolisin vaihtoehto erilaisten lis\u00e4tietojen v\u00e4litt\u00e4miseen. TES-tulkinnat ja ty\u00f6nv\u00e4litys yms..<\/p>\n\n\n\n<div id=\"section-gcd27ba\" class=\"wp-block-gutentor-e2 section-gcd27ba gutentor-element gutentor-element-button ticss-5a92cf57\"><span class=\"gutentor-button-wrap\"><a class=\"gutentor-button gutentor-block-button gutentor-icon-hide\" href=\"\/mobiilityoajanseuranta\/\"><i class=\"gutentor-button-icon fas fa-book\"><\/i><span>Lue lis\u00e4\u00e4<\/span><\/a><\/span><\/div>\n<\/div>\n\n\n\n<div id=\"wp-block-themeisle-blocks-advanced-column-179b643a\" class=\"wp-block-themeisle-blocks-advanced-column\">\n<figure class=\"wp-block-image size-full\"><img loading=\"lazy\" decoding=\"async\" width=\"500\" height=\"350\" src=\"https:\/\/navicom.fi\/wp-content\/uploads\/2022\/02\/ajopaivakirja-verottajalle-1200-oikea-kuvasuhde_koko-1.jpg\" alt=\"\" class=\"wp-image-2703\" title=\"\" srcset=\"https:\/\/navicom.fi\/wp-content\/uploads\/2022\/02\/ajopaivakirja-verottajalle-1200-oikea-kuvasuhde_koko-1.jpg 500w, https:\/\/navicom.fi\/wp-content\/uploads\/2022\/02\/ajopaivakirja-verottajalle-1200-oikea-kuvasuhde_koko-1-300x210.jpg 300w\" sizes=\"auto, (max-width: 500px) 100vw, 500px\" \/><\/figure>\n\n\n\n<h3 id=\"wp-block-themeisle-blocks-advanced-heading-e52343aa\" class=\"wp-block-themeisle-blocks-advanced-heading wp-block-themeisle-blocks-advanced-heading-e52343aa\">Ty\u00f6ajanseuranta ajoneuvossa<\/h3>\n\n\n\n<p>Erottelee tiedot ajoista ja kuljettajasta sek\u00e4 muodostaa palkka-aineiston automaattisesti. <\/p>\n\n\n\n<div id=\"section-g2a31ec\" class=\"wp-block-gutentor-e2 section-g2a31ec gutentor-element gutentor-element-button ticss-5a92cf57\"><span class=\"gutentor-button-wrap\"><a class=\"gutentor-button gutentor-block-button gutentor-icon-hide\" href=\"\/tyoajanseuranta-ajoneuvoon\/\"><i class=\"gutentor-button-icon fas fa-book\"><\/i><span>Lue lis\u00e4\u00e4<\/span><\/a><\/span><\/div>\n<\/div>\n\n\n\n<div id=\"wp-block-themeisle-blocks-advanced-column-09c97d74\" class=\"wp-block-themeisle-blocks-advanced-column\">\n<figure class=\"wp-block-image size-full\"><img loading=\"lazy\" decoding=\"async\" width=\"500\" height=\"350\" src=\"https:\/\/navicom.fi\/wp-content\/uploads\/2022\/02\/kulunvalvontalaite-linkkikuva.jpg\" alt=\"\" class=\"wp-image-2702\" title=\"\" srcset=\"https:\/\/navicom.fi\/wp-content\/uploads\/2022\/02\/kulunvalvontalaite-linkkikuva.jpg 500w, https:\/\/navicom.fi\/wp-content\/uploads\/2022\/02\/kulunvalvontalaite-linkkikuva-300x210.jpg 300w\" sizes=\"auto, (max-width: 500px) 100vw, 500px\" \/><\/figure>\n\n\n\n<h3 id=\"wp-block-themeisle-blocks-advanced-heading-13bb1e30\" class=\"wp-block-themeisle-blocks-advanced-heading wp-block-themeisle-blocks-advanced-heading-13bb1e30\">Ty\u00f6ajanseuranta kellokorttilaitteella<\/h3>\n\n\n\n<p>Kulunvalvonta ty\u00f6maalle, toimistoon tai tuotantotiloihin. Toimintavarma laite kaikkiin k\u00e4ytt\u00f6tarkoituksiin.<\/p>\n\n\n\n<div id=\"section-gd0b53a\" class=\"wp-block-gutentor-e2 section-gd0b53a gutentor-element gutentor-element-button ticss-5a92cf57\"><span class=\"gutentor-button-wrap\"><a class=\"gutentor-button gutentor-block-button gutentor-icon-hide\" href=\"\/navi-kulunvalvonta\/\"><i class=\"gutentor-button-icon fas fa-book\"><\/i><span>Lue lis\u00e4\u00e4<\/span><\/a><\/span><\/div>\n<\/div>\n<\/div><\/div>\n","protected":false},"excerpt":{"rendered":"","protected":false},"author":3,"featured_media":0,"parent":0,"menu_order":0,"comment_status":"closed","ping_status":"closed","template":"","meta":{"content-type":"","footnotes":""},"class_list":["post-2214","page","type-page","status-publish","hentry"],"_links":{"self":[{"href":"https:\/\/navicom.fi\/en\/wp-json\/wp\/v2\/pages\/2214","targetHints":{"allow":["GET"]}}],"collection":[{"href":"https:\/\/navicom.fi\/en\/wp-json\/wp\/v2\/pages"}],"about":[{"href":"https:\/\/navicom.fi\/en\/wp-json\/wp\/v2\/types\/page"}],"author":[{"embeddable":true,"href":"https:\/\/navicom.fi\/en\/wp-json\/wp\/v2\/users\/3"}],"replies":[{"embeddable":true,"href":"https:\/\/navicom.fi\/en\/wp-json\/wp\/v2\/comments?post=2214"}],"version-history":[{"count":33,"href":"https:\/\/navicom.fi\/en\/wp-json\/wp\/v2\/pages\/2214\/revisions"}],"predecessor-version":[{"id":14144,"href":"https:\/\/navicom.fi\/en\/wp-json\/wp\/v2\/pages\/2214\/revisions\/14144"}],"wp:attachment":[{"href":"https:\/\/navicom.fi\/en\/wp-json\/wp\/v2\/media?parent=2214"}],"curies":[{"name":"wp","href":"https:\/\/api.w.org\/{rel}","templated":true}]}}